{"id":234,"date":"2026-02-23T10:33:24","date_gmt":"2026-02-23T10:33:24","guid":{"rendered":"https:\/\/www.marcidbusiness.com\/index.php\/politica-de-privacitat\/"},"modified":"2026-03-02T14:08:56","modified_gmt":"2026-03-02T14:08:56","slug":"politica-de-privacitat","status":"publish","type":"page","link":"https:\/\/www.marcidbusiness.com\/ca\/politica-de-privacitat\/","title":{"rendered":"Pol?tica de privacitat"},"content":{"rendered":"\t\t<div data-elementor-type=\"wp-page\" data-elementor-id=\"234\" class=\"elementor elementor-234 elementor-73\" data-elementor-post-type=\"page\">\n\t\t\t\t<div class=\"elementor-element elementor-element-8483410 e-flex e-con-boxed e-con e-parent\" data-id=\"8483410\" data-element_type=\"container\" data-e-type=\"container\" data-settings=\"{&quot;background_background&quot;:&quot;classic&quot;}\">\n\t\t\t\t\t<div class=\"e-con-inner\">\n\t\t\t\t<div class=\"elementor-element elementor-element-c14f47d elementor-widget elementor-widget-heading\" data-id=\"c14f47d\" data-element_type=\"widget\" data-e-type=\"widget\" data-widget_type=\"heading.default\">\n\t\t\t\t\t<h1 class=\"elementor-heading-title elementor-size-default\">Pol?tica de privacitat<\/h1>\t\t\t\t<\/div>\n\t\t\t\t\t<\/div>\n\t\t\t\t<\/div>\n\t\t<div class=\"elementor-element elementor-element-e428f14 e-flex e-con-boxed e-con e-parent\" data-id=\"e428f14\" data-element_type=\"container\" data-e-type=\"container\">\n\t\t\t\t\t<div class=\"e-con-inner\">\n\t\t\t\t<div class=\"elementor-element elementor-element-7b483b5 elementor-widget elementor-widget-text-editor\" data-id=\"7b483b5\" data-element_type=\"widget\" data-e-type=\"widget\" data-widget_type=\"text-editor.default\">\n\t\t\t\t\t\t\t\t\t<h4 class=\"wp-block-heading\">INTRODUCCI\u00d3<\/h4><p>La seva privadesa \u00e9s important per a nosaltres, aix\u00ed que, mitjan\u00e7ant aquest document, us expliquem quines dades recollim dels usuaris, com les utilitzem i per a qu\u00e8, entre altres indicacions. Els majors de 14 anys es poden registrar com a usuaris sense el consentiment previ dels seus pares, tutors o representants legals. En cas de menors de 14 anys o identificats com a \u201cincapa\u00e7os legalment\u201d, sempre necessitarem del consentiment patern, o del tutor\/ao representant legal. Per a la vostra informaci\u00f3, mai demanarem m\u00e9s informaci\u00f3 de la que realment necessitarem per als serveis requerits; mai no la compartirem amb tercers, excepte per obligaci\u00f3 legal o amb la seva autoritzaci\u00f3 pr\u00e8via; i mai no utilitzarem les seves dades per a una altra finalitat no indicada pr\u00e8viament. Com a usuaris, haur\u00e0 de llegir atentament aquesta Pol\u00edtica de privadesa de manera regular, i sempre que introdu\u00efu les vostres dades personals, ja que aquest document pot patir modificacions ja que el prestador pot modificar qualsevol tipus d\u2019informaci\u00f3 que pogu\u00e9s apar\u00e8ixer a la web per complir amb la normativa o actualitzar la pol\u00edtica, i sense que hi hagi l\u2019obligaci\u00f3 de preavisar o posar en coneixement dels usuaris aquestes obligacions, i \u00e9s suficient la publicaci\u00f3 al lloc web del prestador.<\/p><h4 class=\"wp-block-heading\">RESPONSABLE DEL TRACTAMENT<\/h4><ul class=\"wp-block-list\"><li>Identitat: <strong>MACID BUSINESS SL (<\/strong>tamb\u00e9 el prestador)<\/li><li>NIF: <strong>43501437L<\/strong><\/li><li>Direcci\u00f3 postal:<strong> Tuset 23, 7-7, 08006, Barelona<\/strong><\/li><li>Correu electr\u00f2nic: <a href=\"mailto:info@marcidbusiness.com\"><strong>info@marcidbusiness.com<\/strong><\/a><\/li><\/ul><p><strong>MACID BUSINESS SL<\/strong>, com a responsable del lloc web, de conformitat amb el que disposa el Reglament (UE) 2016\/679 de 27 d\u2019abril de 2016 (RGPD) relatiu a la protecci\u00f3 de les persones f\u00edsiques pel que fa al tractament de dades personals ia la lliure circulaci\u00f3 d\u2019aquestes dades i la resta de normativa vigent en mat\u00e8ria de protecci\u00f3 de dades personals, i per la Llei 34\/2002, d\u201911 de juliol, de Serveis de la Societat de la Informaci\u00f3 i del Comer\u00e7 Electr\u00f2nic (LSSICE), us informa que t\u00e9 implementades les mesures de seguretat necess\u00e0ries, d\u2019\u00edndole t\u00e8cnica i organitzatives, per garantir i protegir la confidencialitat, la integritat i la disponibilitat de les dades introdu\u00efdes.<\/p><h4 class=\"wp-block-heading\">M\u00c8TODE D\u2019OBTENCI\u00d3 DE LES DADES i DADES QUE RECAPTEM<\/h4><p>Les dades que recollim i com les obtenim \u00e9s la seg\u00fcent:<\/p><ol class=\"wp-block-list\"><li>Mitjan\u00e7ant el formulari de contacte: nom, correu electr\u00f2nic, tel\u00e8fon.<\/li><\/ol><p>No es tracten categories de dades especialment protegides.<\/p><h4 class=\"wp-block-heading\">FINALITAT DEL TRACTAMENT<\/h4><p>Les vostres dades personals nom\u00e9s s\u2019utilitzaran per a les seg\u00fcents finalitats, prestant el vostre consentiment per a cadascuna de les finalitats a l\u2019apartat corresponent de la web:<\/p><ol class=\"wp-block-list\"><li><strong>Formulari de contacte:<\/strong> per respondre a les consultes i\/o proporcionar informacions requerides per l\u2019Usuari;<\/li><li><strong>WhatsApp:<\/strong> el tractament de les dades que es duguin a terme de les persones que facin una consulta a trav\u00e9s de WhatsApp de <strong>MACID BUSINESS SL<\/strong> es regir\u00e0 per aquest apartat, aix\u00ed com aquelles condicions d\u00fas, pol\u00edtiques de privadesa i normatives dacc\u00e9s que pertanyin a laplicaci\u00f3 que procedeixin en cada cas i acceptades pr\u00e8viament per lusuari. <strong>MACID BUSINESS SL<\/strong>, tractar\u00e0 les vostres dades amb la finalitat d\u2019administrar correctament la vostra consulta aix\u00ed com qualsevol altra finalitat de la gesti\u00f3 administrativa del servei. Queda prohibit l\u2019\u00fas del WhatsApp de <strong>MACID BUSINESS SL<\/strong>, per a l\u2019enviament de continguts que no siguin els necessaris per a la resposta a la consulta i que siguin il\u00b7l\u00edcits per la normativa nacional o internacional que atempti contra els drets fonamentals de les persones i en general que contravinguin els principis de legalitat, honradesa, responsabilitat, protecci\u00f3 de la vida privada, la protecci\u00f3 del consumidor i els drets de propietat intel\u00b7lectual i industrial.<\/li><li><strong>Altres finalitats:<\/strong><ul class=\"wp-block-list\"><li>Realitzar les gestions comercials, administratives, fiscals, comptables que siguin necess\u00e0ries en virtut de la legislaci\u00f3 vigent;<\/li><li>Con\u00e8ixer la vostra opini\u00f3 i millorar els serveis prestats per la web;<\/li><li>Realitzaci\u00f3 d\u2019an\u00e0lisi d\u2019usabilitat de la web, a trav\u00e9s de les galetes (esmentades a la pol\u00edtica de galetes);<\/li><li>Xarxes socials: a l\u2019apartat corresponent s\u2019especifica l\u2019\u00fas de les xarxes socials.<\/li><\/ul><\/li><\/ol><p>Les fotografies que estiguin penjades a la web s\u00f3n propietat de <strong>MACID BUSINESS SL<\/strong>, incloent-hi les de clients, en les quals, per obtenir-les, s\u2019ha obtingut el consentiment previ mitjan\u00e7ant la signatura dels formularis realitzats per a aquest efecte. No obstant aix\u00f2, com a titulars de l\u2019exercici dels seus drets, i sempre amb el requeriment formal previ per escrit, poden indicar la negativa a l\u2019\u00fas de la seva imatge. Podeu revocar en qualsevol moment el vostre consentiment remetent un escrit amb l\u2019assumpte \u201cBaixa\u201d al mail ressenyat. D\u2019acord amb la LSSICE, <strong>MACID BUSINESS SL<\/strong> no fa pr\u00e0ctiques de SPAM, per tant, no envia correus comercials per e-mail que no hagin estat pr\u00e8viament sol\u00b7licitats o autoritzats per l\u2019Usuari. En conseq\u00fc\u00e8ncia, a totes les comunicacions que rebr\u00e0 del prestador, l\u2019usuari t\u00e9 la possibilitat de cancel\u00b7lar el seu consentiment expr\u00e9s per rebre les nostres comunicacions. No tractarem les vostres dades personals per a cap altre fi de les descrites excepte per obligaci\u00f3 legal o requeriment judicial. No ser\u00e0 objecte de decisions basades en tractaments automatitzats que produeixin efectes sobre les vostres dades.<\/p><h4 class=\"wp-block-heading\">LEGITIMACI\u00d3 DEL TRACTAMENT<\/h4><p>La base legal per al tractament de les dades \u00e9s el seu consentiment atorgat en el moment de donar les dades al formulari corresponent per dur a terme les finalitats, en el moment de marcaci\u00f3 de la casella de verificaci\u00f3. No facilitar les dades personals sol\u00b7licitades o no acceptar aquesta pol\u00edtica de privadesa suposa la impossibilitat d\u2019aconseguir les finalitats anteriorment descrites. En els casos en qu\u00e8 hi hagi una relaci\u00f3 contractual pr\u00e8via entre les parts, la legitimaci\u00f3 per al desenvolupament de les obligacions administratives, fiscals, comptables i laborals que siguin necess\u00e0ries en virtut de la legislaci\u00f3 vigent ser\u00e0 <strong>l\u2019exist\u00e8ncia pr\u00e8via de la relaci\u00f3 comercia<\/strong>l establerta entre les parts. L\u2019oferta prospectiva o comercial de productes i serveis est\u00e0 basada en el consentiment que se us demana, sense que en cap cas la retirada d\u2019aquest consentiment condicioni l\u2019execuci\u00f3 del contracte de subscripci\u00f3.<\/p><h4 class=\"wp-block-heading\">TERMINI DE CONSERVACI\u00d3 DE LES DADES<\/h4><p>Les vostres dades es conservaran mentre duri la relaci\u00f3 comercial amb nosaltres o exerceix el vostre dret de cancel\u00b7laci\u00f3 o oposici\u00f3, o limitaci\u00f3 al tractament. No obstant aix\u00f2, conservarem les vostres dades en els terminis legalment previstos en les disposicions aplicables.<\/p><h4 class=\"wp-block-heading\">DESTINATARIS DE CESSIONS O TRANSFER\u00c8NCIES<\/h4><p><strong>MACID BUSINESS SL no duu a terme cap cessi\u00f3 o comunicaci\u00f3 de dades ni dins ni fora de la UE.<\/strong> El prestador \u00fanicament facilitar\u00e0 informaci\u00f3 a les forces i cossos de seguretat sota ordre judicial o per obligaci\u00f3 d\u2019una norma legal, sense perjudici de poder bloquejar o cancel\u00b7lar el vostre compte si hi pot haver indicis de la comissi\u00f3 d\u2019algun delicte per part de l\u2019usuari. La informaci\u00f3 facilitada ser\u00e0 nom\u00e9s la que disposi en aquell moment el prestador. La informaci\u00f3 que ens proporcioneu a trav\u00e9s d\u2019aquest lloc web ser\u00e0 allotjada als servidors de <strong>MACID BUSINESS SL<\/strong>, contractats a l\u2019empresa que presta el servei d\u2019allotjament de la web. El tractament de les dades de l\u2019entitat est\u00e0 regulat mitjan\u00e7ant un contracte d\u2019encarregat del tractament entre el prestador i aquesta empresa. Aix\u00ed mateix, el prestador utilitza determinades eines per prestar serveis necessaris per al desenvolupament de lactivitat, podent emmagatzemar les seves dades. Aquestes eines s\u00f3n les seg\u00fcents: <strong>Google Analytics<\/strong>: per fer una an\u00e0lisi i m\u00e8trica de l\u2019\u00fas que els usuaris fan de la web a trav\u00e9s de les cookies. La informaci\u00f3 que generen i recopilen aquestes galetes sobre l\u2019\u00fas (incloent-hi l\u2019adre\u00e7a IP) ser\u00e0 directament transmesa i arxivada per Google Inc., ubicada a Delaware, 1600 Amphitheatre Parkway, muntar\u00e9 View (Calif\u00f2rnia), CA 94043 dels Estats Units ( \u201d Google \u201d ), als seus servidors dels Estats Units.<\/p><h4 class=\"wp-block-heading\">DRETS DE LES PERSONES INTERESSADES<\/h4><p>Com a usuari-interessat, podeu sol\u00b7licitar l\u2019exercici dels seg\u00fcents drets davant <strong>MACID BUSINESS SL<\/strong> presentant un escrit a l\u2019adre\u00e7a postal de l\u2019encap\u00e7alament o enviant un correu electr\u00f2nic a <a href=\"mailto:info@marcidbusiness.com\">info@marcidbusiness.com<\/a>, indicant com a Assumpte: \u201cPROTECCI\u00d3 DE DADES: DRETS DELS AFECTATS \u201c, i adjuntant fotoc\u00f2pia del seu DNI o qualsevol mitj\u00e0 an\u00e0leg en dret, tal com indica la llei. Drets:<\/p><ul class=\"wp-block-list\"><li><strong>Dret d\u2019acc\u00e9s:<\/strong> permet a l\u2019interessat con\u00e8ixer i obtenir informaci\u00f3 sobre les vostres dades de car\u00e0cter personal sotmeses a tractament.<\/li><li><strong>Dret de rectificaci\u00f3 o supressi\u00f3:<\/strong> permet corregir errors i modificar les dades que resultin ser inexactes o incomplets<\/li><li><strong>Dret de cancel\u00b7laci\u00f3:<\/strong> permet que se suprimeixin les dades que siguin inadequades o excessives<\/li><li><strong>Dret d\u2019oposici\u00f3:<\/strong> dret de l\u2019interessat que no es dugui a terme el tractament de les vostres dades de car\u00e0cter personal o s\u2019hi cessi.<\/li><li><strong>Limitaci\u00f3 del tractament:<\/strong> comporta el marcatge de les dades personals conservades, per tal de limitar-ne el futur tractament, per a l\u2019exercici o la defensa de reclamacions.<\/li><li><strong>Portabilitat de les dades:<\/strong> facilitaci\u00f3 de les dades objecte de tractament a linteressat, perqu\u00e8 aquest pugui transmetre a un altre responsable, sense impediments.<\/li><li><strong>Dret a no ser objecte de decisions individuals automatitzades (inclosa l\u2019elaboraci\u00f3 de perfils)<\/strong>: dret a no ser objecte d\u2019una decisi\u00f3 basada en el tractament automatitzat que produeixi efectes o afecti significativament<\/li><\/ul><p>Com a usuari, teniu dret a retirar el consentiment donat en qualsevol moment. La retirada del consentiment no afecta la licitud del tractament efectuat abans de la retirada del consentiment. Tamb\u00e9 t\u00e9 dret a presentar una reclamaci\u00f3 davant l\u2019autoritat de control si considera que els seus drets s\u2019han vist vulnerats en relaci\u00f3 amb la protecci\u00f3 de les seves dades (aepd.es).<\/p><h4 class=\"wp-block-heading\">INFORMACI\u00d3 ADDICIONAL<\/h4><p><strong>MESURES DE SEGURETAT:<\/strong> Les dades que ens faciliti es tractaran de manera confidencial. El prestador ha adoptat totes les mesures t\u00e8cniques i organitzatives i tots els nivells de protecci\u00f3 necessaris per garantir la seguretat en el tractament de les dades i evitar-ne l\u2019alteraci\u00f3, la p\u00e8rdua, el robatori, el tractament o l\u2019acc\u00e9s no autoritzat, d\u2019acord amb l\u2019estat de la tecnologia i naturalesa de les dades emmagatzemades. Aix\u00ed mateix, es garanteix tamb\u00e9 que el tractament i registre en fitxers, programes, sistemes o equips, locals i centres compleixen els requisits i les condicions d\u2019integritat i seguretat establertes a la normativa vigent.<\/p><h4 class=\"wp-block-heading\">IDIOMA<\/h4><p>L\u2019idioma aplicable a aquesta pol\u00edtica de privadesa \u00e9s el castell\u00e0. Per tant, en cas que hi hagu\u00e9s alguna contradicci\u00f3 en alguna de les versions facilitades en altres idiomes, prevaldr\u00e0 la versi\u00f3 en catal\u00e0.<\/p><h4 class=\"wp-block-heading\">XARXES SOCIALS<\/h4><p>Us informem que <strong>MACID BUSINESS SL<\/strong> pot tenir pres\u00e8ncia a xarxes socials. El tractament de les dades que es porti a terme de les persones que es facin seguidores a les xarxes socials (i\/o realitzin qualsevol enlla\u00e7 o acci\u00f3 de connexi\u00f3 a trav\u00e9s de les xarxes socials) de les p\u00e0gines oficials de <strong>MACID BUSINESS SL<\/strong> es regir\u00e0 per aquest apartat, aix\u00ed com per a aquelles condicions d\u00fas, pol\u00edtiques de privadesa i normatives dacc\u00e9s que pertanyin a la xarxa social que procedeixi en cada cas i acceptades pr\u00e8viament per lusuari. <strong>MACID BUSINESS SL<\/strong> tractar\u00e0 les vostres dades amb les finalitats d\u2019administrar correctament la vostra pres\u00e8ncia a la xarxa social, informant d\u2019activitats, productes o serveis del prestador, aix\u00ed com per a qualsevol altra finalitat que les normatives de les Xarxes Socials permetin. Queda prohibit la publicaci\u00f3 de continguts:<\/p><ul class=\"wp-block-list\"><li>Que siguin presumptament il\u00b7l\u00edcits per la normativa nacional, comunit\u00e0ria o internacional o que facin activitats presumptament il\u00b7l\u00edcites o contravinguin els principis de la bona fe.<\/li><li>Que atemptin contra els drets fonamentals de les persones, faltin a la cortesia a la xarxa, molestin o puguin generar opinions negatives en els nostres usuaris o tercers i en general siguin quins siguin els continguts que <strong>MACID BUSINESS SL<\/strong> considereu inadequats.<\/li><li>I, en general, que contravinguin els principis de legalitat, honradesa, responsabilitat, protecci\u00f3 de la dignitat humana, protecci\u00f3 de menors, protecci\u00f3 de l\u2019ordre p\u00fablic, la protecci\u00f3 de la vida privada, la protecci\u00f3 del consumidor i els drets de propietat intel\u00b7lectual i industrial.<\/li><\/ul><p>Aix\u00ed mateix, <strong>MACID BUSINESS SL<\/strong> es reserva la potestat de retirar, sense av\u00eds previ del lloc web o de la xarxa social corporativa aquells continguts que es consideren inadequats. En tot cas, si remet informaci\u00f3 personal a trav\u00e9s de la xarxa social, <strong>MACID BUSINESS SL<\/strong> quedar\u00e0 exempt de responsabilitat en relaci\u00f3 amb les mesures de seguretat aplicables a aquesta plataforma i l\u2019usuari, en cas de voler-les con\u00e8ixer, ha de consultar les condicions particulars corresponents de la xarxa en q\u00fcesti\u00f3.<\/p><h4 class=\"wp-block-heading\">PUBLICACI\u00d3 DEL SEU TESTIMONI<\/h4><p>En cas que l\u2019usuari vulgui publicar la seva opini\u00f3 a la web, us informem que les dades aportades seran tractades per atendre els suggeriments proposats, experi\u00e8ncies o opinions respecte dels serveis per ser publicats a la p\u00e0gina web i aix\u00ed poder ajudar altres usuaris. Les dades es conservaran mentre hi hagi un inter\u00e8s mutu per mantenir la fi del tractament i quan ja no sigui necessari per a aquest fi, se suprimiran amb mesures de seguretat adequades per garantir la pseudonimitzaci\u00f3 de les dades o destrucci\u00f3 total d\u2019aquestes. Els testimonis es publicaran a la nostra p\u00e0gina web. L\u00fanica dada personal que es publicar\u00e0 del testimoni ser\u00e0 el seu nom.<\/p><h4 class=\"wp-block-heading\">CANVIS A LA PRESENT POL\u00cdTICA DE PRIVACITAT<\/h4><p><strong>MACID BUSINESS SL<\/strong> es reserva el dret a modificar aquesta pol\u00edtica per adaptar-la a novetats legislatives o jurisprudencials.<\/p><h4 class=\"wp-block-heading\">REVOCABILITAT<\/h4><p>El consentiment prestat, tant pel tractament com per a la cessi\u00f3 de les dades dels interessats, \u00e9s revocable en qualsevol moment comunicant-ho a <strong>MACID BUSINESS SL<\/strong> en els termes establerts en aquesta pol\u00edtica per a l\u2019exercici dels drets. Aquesta revocaci\u00f3 en cap cas no t\u00e9 car\u00e0cter retroactiu.<\/p><h4 class=\"wp-block-heading\">LEGISLACI\u00d3<\/h4><p>Amb car\u00e0cter general les relacions entre <strong>MACID BUSINESS SL<\/strong> amb els Usuaris dels seus serveis telem\u00e0tics, presents en aquesta web, estan sotmesos a la legislaci\u00f3 i jurisdicci\u00f3 espanyola a qu\u00e8 se sotmeten expressament les parts, sent competents per a la resoluci\u00f3 de tots els conflictes derivats o relacionats amb el seu \u00fas els Jutjats i Tribunals de Barcelona.<\/p>\t\t\t\t\t\t\t\t<\/div>\n\t\t\t\t\t<\/div>\n\t\t\t\t<\/div>\n\t\t\t\t<\/div>\n\t\t","protected":false},"excerpt":{"rendered":"<p>INTRODUCCI? La seva privadesa ?s important per a nosaltres, aix? que, mitjan?ant aquest document, us expliquem quines dades recollim dels usuaris, com les utilitzem i per a qu?, entre altres indicacions. Els majors de 14 anys es poden registrar com a usuaris sense el consentiment previ dels seus pares, tutors o representants legals. En cas [&hellip;]<\/p>\n","protected":false},"author":1,"featured_media":0,"parent":0,"menu_order":0,"comment_status":"closed","ping_status":"closed","template":"elementor_header_footer","meta":{"footnotes":""},"class_list":["post-234","page","type-page","status-publish","hentry"],"yoast_head":"<!-- This site is optimized with the Yoast SEO plugin v27.0 - https:\/\/yoast.com\/product\/yoast-seo-wordpress\/ -->\n<title>Marcid Business<\/title>\n<meta name=\"robots\" content=\"noindex, nofollow\" \/>\n<meta property=\"og:locale\" content=\"ca_ES\" \/>\n<meta property=\"og:type\" content=\"article\" \/>\n<meta property=\"og:description\" content=\"\" \/>\n<meta property=\"og:url\" content=\"https:\/\/www.marcidbusiness.com\/ca\/politica-de-privacitat\/\" \/>\n<meta property=\"og:site_name\" content=\"Marcid Business\" \/>\n<meta property=\"article:modified_time\" content=\"2026-03-02T14:08:56+00:00\" \/>\n<meta name=\"twitter:card\" content=\"summary_large_image\" \/>\n<meta name=\"twitter:label1\" content=\"Temps estimat de lectura\" \/>\n\t<meta name=\"twitter:data1\" content=\"13 minuts\" \/>\n<script type=\"application\/ld+json\" class=\"yoast-schema-graph\">{\"@context\":\"https:\/\/schema.org\",\"@graph\":[{\"@type\":\"WebPage\",\"@id\":\"https:\/\/www.marcidbusiness.com\/ca\/politica-de-privacitat\/\",\"url\":\"https:\/\/www.marcidbusiness.com\/ca\/politica-de-privacitat\/\",\"name\":\"\",\"isPartOf\":{\"@id\":\"https:\/\/www.marcidbusiness.com\/ca\/#website\"},\"datePublished\":\"2026-02-23T10:33:24+00:00\",\"dateModified\":\"2026-03-02T14:08:56+00:00\",\"breadcrumb\":{\"@id\":\"https:\/\/www.marcidbusiness.com\/ca\/politica-de-privacitat\/#breadcrumb\"},\"inLanguage\":\"ca\",\"potentialAction\":[{\"@type\":\"ReadAction\",\"target\":[\"https:\/\/www.marcidbusiness.com\/ca\/politica-de-privacitat\/\"]}]},{\"@type\":\"BreadcrumbList\",\"@id\":\"https:\/\/www.marcidbusiness.com\/ca\/politica-de-privacitat\/#breadcrumb\",\"itemListElement\":[{\"@type\":\"ListItem\",\"position\":1,\"name\":\"Inici\",\"item\":\"https:\/\/www.marcidbusiness.com\/ca\/inici\/\"},{\"@type\":\"ListItem\",\"position\":2,\"name\":\"Pol?tica de privacitat\"}]},{\"@type\":\"WebSite\",\"@id\":\"https:\/\/www.marcidbusiness.com\/ca\/#website\",\"url\":\"https:\/\/www.marcidbusiness.com\/ca\/\",\"name\":\"Marcid Business\",\"description\":\"Soluciones para la industria alimentaria\",\"publisher\":{\"@id\":\"https:\/\/www.marcidbusiness.com\/ca\/#organization\"},\"potentialAction\":[{\"@type\":\"SearchAction\",\"target\":{\"@type\":\"EntryPoint\",\"urlTemplate\":\"https:\/\/www.marcidbusiness.com\/ca\/?s={search_term_string}\"},\"query-input\":{\"@type\":\"PropertyValueSpecification\",\"valueRequired\":true,\"valueName\":\"search_term_string\"}}],\"inLanguage\":\"ca\"},{\"@type\":\"Organization\",\"@id\":\"https:\/\/www.marcidbusiness.com\/ca\/#organization\",\"name\":\"Marcid Business\",\"url\":\"https:\/\/www.marcidbusiness.com\/ca\/\",\"logo\":{\"@type\":\"ImageObject\",\"inLanguage\":\"ca\",\"@id\":\"https:\/\/www.marcidbusiness.com\/ca\/#\/schema\/logo\/image\/\",\"url\":\"https:\/\/www.marcidbusiness.com\/wp-content\/uploads\/2026\/02\/logo-marcid.svg\",\"contentUrl\":\"https:\/\/www.marcidbusiness.com\/wp-content\/uploads\/2026\/02\/logo-marcid.svg\",\"width\":267,\"height\":141,\"caption\":\"Marcid Business\"},\"image\":{\"@id\":\"https:\/\/www.marcidbusiness.com\/ca\/#\/schema\/logo\/image\/\"}}]}<\/script>\n<!-- \/ Yoast SEO plugin. -->","yoast_head_json":{"title":"Marcid Business","robots":{"index":"noindex","follow":"nofollow"},"og_locale":"ca_ES","og_type":"article","og_description":"INTRODUCCI? La seva privadesa ?s important per a nosaltres, aix? que, mitjan?ant aquest document, us expliquem quines dades recollim dels usuaris, com les utilitzem i per a qu?, entre altres indicacions. Els majors de 14 anys es poden registrar com a usuaris sense el consentiment previ dels seus pares, tutors o representants legals. En cas [&hellip;]","og_url":"https:\/\/www.marcidbusiness.com\/ca\/politica-de-privacitat\/","og_site_name":"Marcid Business","article_modified_time":"2026-03-02T14:08:56+00:00","twitter_card":"summary_large_image","twitter_misc":{"Temps estimat de lectura":"13 minuts"},"schema":{"@context":"https:\/\/schema.org","@graph":[{"@type":"WebPage","@id":"https:\/\/www.marcidbusiness.com\/ca\/politica-de-privacitat\/","url":"https:\/\/www.marcidbusiness.com\/ca\/politica-de-privacitat\/","name":"","isPartOf":{"@id":"https:\/\/www.marcidbusiness.com\/ca\/#website"},"datePublished":"2026-02-23T10:33:24+00:00","dateModified":"2026-03-02T14:08:56+00:00","breadcrumb":{"@id":"https:\/\/www.marcidbusiness.com\/ca\/politica-de-privacitat\/#breadcrumb"},"inLanguage":"ca","potentialAction":[{"@type":"ReadAction","target":["https:\/\/www.marcidbusiness.com\/ca\/politica-de-privacitat\/"]}]},{"@type":"BreadcrumbList","@id":"https:\/\/www.marcidbusiness.com\/ca\/politica-de-privacitat\/#breadcrumb","itemListElement":[{"@type":"ListItem","position":1,"name":"Inici","item":"https:\/\/www.marcidbusiness.com\/ca\/inici\/"},{"@type":"ListItem","position":2,"name":"Pol?tica de privacitat"}]},{"@type":"WebSite","@id":"https:\/\/www.marcidbusiness.com\/ca\/#website","url":"https:\/\/www.marcidbusiness.com\/ca\/","name":"Marcid Business","description":"Soluciones para la industria alimentaria","publisher":{"@id":"https:\/\/www.marcidbusiness.com\/ca\/#organization"},"potentialAction":[{"@type":"SearchAction","target":{"@type":"EntryPoint","urlTemplate":"https:\/\/www.marcidbusiness.com\/ca\/?s={search_term_string}"},"query-input":{"@type":"PropertyValueSpecification","valueRequired":true,"valueName":"search_term_string"}}],"inLanguage":"ca"},{"@type":"Organization","@id":"https:\/\/www.marcidbusiness.com\/ca\/#organization","name":"Marcid Business","url":"https:\/\/www.marcidbusiness.com\/ca\/","logo":{"@type":"ImageObject","inLanguage":"ca","@id":"https:\/\/www.marcidbusiness.com\/ca\/#\/schema\/logo\/image\/","url":"https:\/\/www.marcidbusiness.com\/wp-content\/uploads\/2026\/02\/logo-marcid.svg","contentUrl":"https:\/\/www.marcidbusiness.com\/wp-content\/uploads\/2026\/02\/logo-marcid.svg","width":267,"height":141,"caption":"Marcid Business"},"image":{"@id":"https:\/\/www.marcidbusiness.com\/ca\/#\/schema\/logo\/image\/"}}]}},"_links":{"self":[{"href":"https:\/\/www.marcidbusiness.com\/ca\/wp-json\/wp\/v2\/pages\/234","targetHints":{"allow":["GET"]}}],"collection":[{"href":"https:\/\/www.marcidbusiness.com\/ca\/wp-json\/wp\/v2\/pages"}],"about":[{"href":"https:\/\/www.marcidbusiness.com\/ca\/wp-json\/wp\/v2\/types\/page"}],"author":[{"embeddable":true,"href":"https:\/\/www.marcidbusiness.com\/ca\/wp-json\/wp\/v2\/users\/1"}],"replies":[{"embeddable":true,"href":"https:\/\/www.marcidbusiness.com\/ca\/wp-json\/wp\/v2\/comments?post=234"}],"version-history":[{"count":12,"href":"https:\/\/www.marcidbusiness.com\/ca\/wp-json\/wp\/v2\/pages\/234\/revisions"}],"predecessor-version":[{"id":386,"href":"https:\/\/www.marcidbusiness.com\/ca\/wp-json\/wp\/v2\/pages\/234\/revisions\/386"}],"wp:attachment":[{"href":"https:\/\/www.marcidbusiness.com\/ca\/wp-json\/wp\/v2\/media?parent=234"}],"curies":[{"name":"wp","href":"https:\/\/api.w.org\/{rel}","templated":true}]}}