{"id":232,"date":"2026-02-24T12:39:58","date_gmt":"2026-02-24T12:39:58","guid":{"rendered":"https:\/\/www.marcidbusiness.com\/index.php\/politica-de-cookies\/"},"modified":"2026-03-02T14:07:21","modified_gmt":"2026-03-02T14:07:21","slug":"politica-de-cookies","status":"publish","type":"page","link":"https:\/\/www.marcidbusiness.com\/ca\/politica-de-cookies\/","title":{"rendered":"Pol?tica de cookies"},"content":{"rendered":"\t\t<div data-elementor-type=\"wp-page\" data-elementor-id=\"232\" class=\"elementor elementor-232 elementor-113\" data-elementor-post-type=\"page\">\n\t\t\t\t<div class=\"elementor-element elementor-element-0fca76c e-flex e-con-boxed e-con e-parent\" data-id=\"0fca76c\" data-element_type=\"container\" data-e-type=\"container\" data-settings=\"{&quot;background_background&quot;:&quot;classic&quot;}\">\n\t\t\t\t\t<div class=\"e-con-inner\">\n\t\t\t\t<div class=\"elementor-element elementor-element-7f7fd66 elementor-widget elementor-widget-heading\" data-id=\"7f7fd66\" data-element_type=\"widget\" data-e-type=\"widget\" data-widget_type=\"heading.default\">\n\t\t\t\t\t<h1 class=\"elementor-heading-title elementor-size-default\">Pol?tica de cookies<\/h1>\t\t\t\t<\/div>\n\t\t\t\t\t<\/div>\n\t\t\t\t<\/div>\n\t\t<div class=\"elementor-element elementor-element-569d661 e-flex e-con-boxed e-con e-parent\" data-id=\"569d661\" data-element_type=\"container\" data-e-type=\"container\">\n\t\t\t\t\t<div class=\"e-con-inner\">\n\t\t\t\t<div class=\"elementor-element elementor-element-b94c9de elementor-widget elementor-widget-text-editor\" data-id=\"b94c9de\" data-element_type=\"widget\" data-e-type=\"widget\" data-widget_type=\"text-editor.default\">\n\t\t\t\t\t\t\t\t\t<h4 class=\"wp-block-heading\">INTRODUCCI\u00d3<\/h4><p>El web de <strong>MACID BUSINESS SL<\/strong> utilitza cookies pr\u00f2pies i de tercers. Una galeta \u00e9s un fitxer que es descarrega al vostre ordinador en accedir a determinades p\u00e0gines web. Les cookies permeten a una p\u00e0gina web, entre altres finalitats, assegurar el funcionament correcte de la p\u00e0gina, permetre a l\u2019Usuari un acc\u00e9s m\u00e9s r\u00e0pid als serveis seleccionats, emmagatzemar i recuperar informaci\u00f3 sobre els h\u00e0bits de navegaci\u00f3 d\u2019un usuari o del seu equip i fins i tot, depenent de la informaci\u00f3 que continguin i de la manera com utilitzeu el vostre equip, es poden utilitzar per recon\u00e8ixer l\u2019usuari. Les cookies s\u2019associen \u00fanicament a un usuari an\u00f2nim i el seu ordinador o dispositiu i no proporcionen refer\u00e8ncies que permetin con\u00e8ixer les vostres dades personals, excepte perm\u00eds expr\u00e9s d\u2019aquell. L\u2019usuari pot, en tot moment, acceptar o rebutjar les cookies instal\u00b7lades que no siguin estrictament necess\u00e0ries per al funcionament correcte del web i l\u2019acc\u00e9s a l\u2019Usuari als seus serveis, a trav\u00e9s del panell d\u2019ajust de cookies proporcionat al nostre web. Aix\u00ed mateix, podreu configurar el vostre navegador en tot moment sense que aix\u00f2 perjudiqui la possibilitat de l\u2019Usuari d\u2019accedir als continguts. Tot i aix\u00f2, us informem que el rebuig de les cookies pot disminuir el bon funcionament de la web.<\/p><h4 class=\"wp-block-heading\">COOKIES AFECTADES PER LA NORMATIVA I COOKIES EXEMPTES<\/h4><p>Segons la directiva de la UE, les galetes que requereixen el consentiment informat per part de l\u2019usuari s\u00f3n les galetes d\u2019anal\u00edtica, les de publicitat i afiliaci\u00f3, i queden exceptuades les de car\u00e0cter t\u00e8cnic i les necess\u00e0ries per al funcionament del lloc web o la prestaci\u00f3 de serveis expressament demanats per l\u2019usuari.<\/p><h4 class=\"wp-block-heading\">TIPUS DE COOKIES<\/h4><p>a) Segons la <strong>entitat que les gestioni<\/strong>, hi ha Cookies <strong>propies<\/strong> (aquelles que s\u2019envien a l\u2019equip terminal de l\u2019usuari des d\u2019un equip o domini gestionat pel mateix editor i des del qual es presta el servei sol\u00b7licitat per l\u2019usuari) i de <strong>tercers<\/strong> (les que s\u2019envien a l\u2019equip terminal de l\u2019usuari des d\u2019un equip o domini que no \u00e9s gestionat per l\u2019editor, sin\u00f3 per una altra entitat que tracta les dades obtingudes mitjan\u00e7ant les galetes). b) Segons el <strong>temps que romanen actives<\/strong>, hi ha les de <strong>sessi\u00f3<\/strong> (dissenyades per demanar i emmagatzemar dades mentre l\u2019usuari accedeix a una p\u00e0gina web) i les <strong>persistents<\/strong> (en qu\u00e8 les dades s\u2019emmagatzemen al terminal i poden ser accedides i tractades durant un per\u00edode definit pel responsable de la galeta -pot anar d\u2019uns minuts a diversos anys). c) Segons la <strong>finalitat<\/strong> per a la qual tracten la informaci\u00f3 que recopilen, poden ser:<\/p><ul class=\"wp-block-list\"><li><strong>Cookies t\u00e8cniques<\/strong> (necess\u00e0ries per a l\u2019\u00fas del web i la prestaci\u00f3 del servei contractat),<\/li><li><strong>Galetes de personalitzaci\u00f3<\/strong> (que permeten a l\u2019usuari accedir al servei amb caracter\u00edstiques predefinides, com ara l\u2019idioma, tipus de navegador, configuraci\u00f3 regional, etc.)<\/li><li><strong>Cookies d\u2019an\u00e0lisi<\/strong> (recullin informaci\u00f3 de l\u2019\u00fas que es fa de la web),<\/li><li><strong>Cookies publicit\u00e0ries<\/strong> (recullen informaci\u00f3 sobre les prefer\u00e8ncies i eleccions personals dels usuaris),<\/li><li><strong>Cookies d\u2019afiliats<\/strong> (permeten fer un seguiment de les visites procedents d\u2019altres webs, amb qu\u00e8 el lloc web estableix un contracte d\u2019afiliaci\u00f3).<\/li><\/ul><p><strong>TIPUS DE COOKIES UTILITZADES PER AQUEST LLOC WEB<\/strong><\/p><figure class=\"wp-block-table\"><table class=\"has-fixed-layout\"><tbody><tr><td><strong>Nom<\/strong><\/td><td><strong>Finalitat<\/strong><\/td><td><strong>Caducitat<\/strong><\/td><td><strong>Prove\u00efdor<\/strong><\/td><\/tr><tr><td>_ga<\/td><td>Utilitza un identificador an\u00f2nim per distingir usuaris an\u00f2nims. Aquesta galeta fa an\u00e0lisis sobre les interaccions dels usuaris, per tal d\u2019optimitzar els serveis que ofereixen. T\u00e9 una durada de dos anys.<\/td><td>2 anys<\/td><td>Google Analytics<\/td><\/tr><tr><td>_gat_gtag_UA_150070816_1<\/td><td>Aquesta galeta de Google Analytics \u00e9s d\u2019an\u00e0lisi i serveix per mesurar com interactuen els usuaris amb la nostra p\u00e0gina web.<\/td><td>Sessi\u00f3<\/td><td>Google Analytics<\/td><\/tr><tr><td>_gid<\/td><td>S\u2019utilitza per distingir els usuaris. T\u00e9 una durada de 24 hores.<\/td><td>24 hores<\/td><td>Google Analytics<\/td><\/tr><tr><td>ct-ultimate-gdpr-cookie<\/td><td>Recorda si el visitant ha acceptat\/tancat la barra de galeta info.<\/td><td>24 hores<\/td><td>Ultimate GDPR plugin<\/td><\/tr><tr><td>ct-ultimate-gdpr-cookie-level<\/td><td>Permet con\u00e8ixer les prefer\u00e8ncies de cookies de lusuari.<\/td><td>24 hores<\/td><td>Ultimate GDPR plugin<\/td><\/tr><\/tbody><\/table><\/figure><p>Mentre navega per la nostra web, es poden emmagatzemar al seu navegador les cookies de les nostres xarxes socials. A continuaci\u00f3, us indiquem els enlla\u00e7os sobre les cookies de les xarxes socials que utilitzem en aquesta web:<\/p><ul class=\"wp-block-list\"><li>Cookies de Facebook, veure m\u00e9s informaci\u00f3 a la seva <a href=\"https:\/\/es-es.facebook.com\/policies\/politica-de-cookies\/\">pol\u00edtica de cookies<\/a><\/li><li>Cookies de Twitter, veure m\u00e9s informaci\u00f3 a la seva <a href=\"https:\/\/help.twitter.com\/es\/rules-and-policies\/twitter-cookies\">pol\u00edtica de cookies<\/a><\/li><li>Cookies d\u2019Instagram, veure m\u00e9s informaci\u00f3 a la seva <a href=\"https:\/\/help.instagram.com\/1896641480634370?ref=ig\">pol\u00edtica de cookies<\/a><\/li><li>Cookies de Linkedin, veure m\u00e9s informaci\u00f3 a la seva <a href=\"https:\/\/www.linkedin.com\/legal\/cookie-policy\">pol\u00edtica de cookies<\/a><\/li><li>Cookies de Pinterest, veure m\u00e9s informaci\u00f3 a la seva <a href=\"https:\/\/policy.pinterest.com\/es\/cookies\">pol\u00edtica de cookies<\/a><\/li><li>Cookies de Youtube, veure m\u00e9s informaci\u00f3 a la seva <a href=\"https:\/\/policies.google.com\/technologies\/cookies?hl=es\">pol\u00edtica de cookies<\/a><\/li><\/ul><h4 class=\"wp-block-heading\">REVOCACI\u00d3<\/h4><p>En tot moment podreu accedir a la configuraci\u00f3 del vostre navegador acceptant o rebutjant totes les cookies, o b\u00e9 seleccionar aquelles que la instal\u00b7laci\u00f3 admet i les que no, seguint un dels procediments seg\u00fcents, que dep\u00e8n del navegador que utilitzeu:<\/p><ul class=\"wp-block-list\"><li><strong>Google Chrome<\/strong> (al Men\u00fa Eines): Configuraci\u00f3 &gt; Mostrar opcions avan\u00e7ades &gt; Privadesa (Configuraci\u00f3 de contingut) &gt; Cookies: https:\/\/support.google.com\/chrome\/answer\/95647?hl=ca&amp;co=GENIE.Platform%3DDesktop<\/li><li><strong>Microsoft Internet Explorer<\/strong> (al Men\u00fa Eines): Opcions d\u2019Internet &gt; Privadesa &gt; Avan\u00e7ada: https:\/\/support.microsoft.com\/es-es\/help\/17442\/windows-internet-explorer-delete-manage-cookies<\/li><li><strong>Firefox: <\/strong>Opcions&gt; Privacitat&gt; Cookies: https:\/\/support.mozilla.org\/es\/kb\/habilitar-y-deshabilitar-cookies-sitios-web-rastrear-preferencias<\/li><li><strong>Safari, iPad y iPhone: <\/strong>Preferencies&gt; Privacitat: https:\/\/support.apple.com\/kb\/ph21411?locale=es_ES<\/li><li><strong>Opera: <\/strong>Configuraci\u00f3&gt; Opcions&gt; Avan\u00e7ada&gt; Cookies: http:\/\/help.opera.com\/Windows\/12.00\/es-ES\/cookies.html<\/li><\/ul><p>Aquests navegadors estan sotmesos a canvis o modificacions, per la qual cosa no podem garantir que s\u2019ajustin completament a la versi\u00f3 del vostre navegador. Tamb\u00e9 pot ser que utilitzeu un altre navegador no contemplat en aquests enlla\u00e7os com Konqueror, Arora, Flock, etc. Per evitar aquests desajustaments, podeu accedir directament des de les opcions del vostre navegador, generalment al men\u00fa de \u201cOpcions\u201d a la secci\u00f3 de \u201cPrivadesa\u201d. (Si us plau, consulteu l\u2019ajuda del vostre navegador per a m\u00e9s informaci\u00f3).<\/p><h4 class=\"wp-block-heading\">DESACTIVACI\u00d3 \/ ACTIVACI\u00d3 I ELIMINACI\u00d3 DE COOKIES<\/h4><p>Per restringir o bloquejar les galetes, es fa a trav\u00e9s de la configuraci\u00f3 del navegador. Si no voleu que els llocs web posin cap galeta al vostre equip, podeu adaptar la configuraci\u00f3 del navegador de manera que se us notifiqui abans que es col\u00b7loqui cap galeta. De la mateixa manera, podeu adaptar la configuraci\u00f3 de manera que el navegador rebutgi totes les galetes, o \u00fanicament les galetes de tercers. Tamb\u00e9 podeu eliminar qualsevol de les galetes que ja es trobin a l\u2019equip. Recordeu que haureu d\u2019adaptar per separat la configuraci\u00f3 de cada navegador i equip que utilitzeu. Recordeu que si no voleu rebre cookies, ja no podrem garantir que el nostre lloc web funcioni com cal. Potser algunes funcions del lloc es perden i \u00e9s possible que ja no pugueu veure certs llocs web. A m\u00e9s, va rebutjar les galetes no significa que ja no aneu a veure anuncis publicitaris. Simplement els anuncis no s\u2019ajustaran als vostres interessos i es repetiran amb m\u00e9s freq\u00fc\u00e8ncia. Cada navegador t\u00e9 un m\u00e8tode diferent per adaptar-ne la configuraci\u00f3. Si cal, consulteu la funci\u00f3 d\u2019ajuda del navegador per establir la configuraci\u00f3 correcta. Per desactivar les galetes al tel\u00e8fon m\u00f2bil, consulteu el manual del dispositiu per obtenir m\u00e9s informaci\u00f3. Podeu obtenir m\u00e9s informaci\u00f3 sobre les cookies a Internet,<a href=\"http:\/\/www.aboutcookies.org\/\">http:\/\/www.aboutcookies.org\/<\/a>. Tenint en compte la manera com funciona Internet i els llocs web, no sempre comptem amb informaci\u00f3 de les cookies que col\u00b7loquen terceres parts a trav\u00e9s del nostre lloc web. Aix\u00f2 s\u2019aplica especialment a casos en qu\u00e8 la p\u00e0gina web cont\u00e9 all\u00f2 que s\u2019anomenen elements integrats: textos, documents, imatges o breus pel\u00b7l\u00edcules que s\u2019emmagatzemen en una altra part, per\u00f2 es mostren al nostre lloc web o mitjan\u00e7ant el mateix. Per tant, en cas que es trobi amb aquest tipus de cookies en aquest lloc web i no estiguin enumerades a la llista anterior, us preguem que ens ho comuniqueu. O b\u00e9 poseu-vos en contacte directament amb el tercer per demanar-li informaci\u00f3 sobre les cookies que col\u00b7loca, la finalitat i la durada de la galeta, i com ha garantit la seva privadesa.<\/p><h4 class=\"wp-block-heading\">INFORMACI\u00d3 RELACIONADA AMB EL TRACTAMENT DE DADES PERSONALS (ART.13 RGPD)<\/h4><p><strong>\u00bfQui\u00e9n es el responsable del tratamiento de sus datos personales?<\/strong> <strong>MACID BUSINESS SL<\/strong> \u00e9s el responsable del tractament de les dades personals que vost\u00e8 ens proporciona, situat a <strong>Tuset 23, 7-7, 08006, Barelona<\/strong> i amb CIF <strong>43501437L<\/strong>. Tel\u00e8fon <strong>649 423 767<\/strong> i mail de contacte <a href=\"mailto:info@marcidbusiness.com\">info@marcidbusiness.com<\/a>. <strong>Per qu\u00e8 utilitzem les vostres dades personals?<\/strong> La informaci\u00f3 recopilada a trav\u00e9s de les cookies pr\u00f2pies (cookies de sessi\u00f3 i d\u2019entrada d\u2019usuari) se solen utilitzar per rastrejar les accions de l\u2019usuari en omplir els formularis en l\u00ednia a diverses p\u00e0gines, o com a cistella de la compra per fer el seguiment dels articles que lusuari ha seleccionat en pr\u00e9mer un bot\u00f3, o per personalitzar la interf\u00edcie de lusuari en visitar la p\u00e0gina web. La informaci\u00f3n recopilada a trav\u00e9s de las cookies de terceros es la siguiente:<\/p><ul class=\"wp-block-list\"><li>A trav\u00e9s de les galetes anal\u00edtiques s\u2019analitzen els seus h\u00e0bits de navegaci\u00f3 per millorar els serveis prestats;<\/li><li>A trav\u00e9s de les galetes comportamentals es recull informaci\u00f3 sobre les prefer\u00e8ncies de l\u2019usuari per gestionar els espais publicitaris de la manera m\u00e9s efica\u00e7 possible; i<\/li><li>a trav\u00e9s de les galetes publicit\u00e0ries es mesura el rendiment dels anuncis i es proporcionen recomanacions relatives a productes basades en dades estad\u00edstiques.<\/li><\/ul><p>Per veure exactament l\u2019\u00fas de les galetes vegeu el quadre sobre l\u2019\u00fas de les galetes en aquesta web. <strong>Quina \u00e9s la base legal per al tractament de les vostres dades personals?<\/strong> La legitimaci\u00f3 per al tractament de les vostres dades personals ve donada pel seu consentiment, atorgat en el moment de posar-se en contacte amb nosaltres, per a la utilitzaci\u00f3 de cookies anal\u00edtiques, comportamentals i publicit\u00e0ries; per a les galetes de sessi\u00f3 o personalitzaci\u00f3, la legitimaci\u00f3 per al tractament ve donada per l\u2019inter\u00e8s leg\u00edtim del prestador (responsable del tractament). <strong>A qui comuniquem les vostres dades?<\/strong> A qui comuniquem les vostres dades? <strong>Quin \u00e9s el termini de conservaci\u00f3 de les vostres dades?<\/strong> El termini de conservaci\u00f3 de les dades recollides \u00e9s l\u2019indicat al quadre sobre l\u2019\u00fas de les galetes en aquesta web. <strong>Quins s\u00f3n els vostres drets?<\/strong> Els drets que emparen l\u2019usuari s\u00f3n els d\u2019acc\u00e9s, rectificaci\u00f3, supressi\u00f3, portabilitat dels mateixos, retirada del consentiment (sense que aix\u00f2 afecti la licitud del tractament atorgat pr\u00e8viament a la retirada), oposici\u00f3 al tractament, limitaci\u00f3 (en determinades circumst\u00e0ncies) ia presentar una reclamaci\u00f3 davant l\u2019autoritat de control (l\u2019Ag\u00e8ncia Espanyola de protecci\u00f3 de dades, <a href=\"http:\/\/www.aepd.es\">www.aepd.es<\/a>)<\/p>\t\t\t\t\t\t\t\t<\/div>\n\t\t\t\t\t<\/div>\n\t\t\t\t<\/div>\n\t\t\t\t<\/div>\n\t\t","protected":false},"excerpt":{"rendered":"<p>INTRODUCCI? El web de MACID BUSINESS SL utilitza cookies pr?pies i de tercers. Una galeta ?s un fitxer que es descarrega al vostre ordinador en accedir a determinades p?gines web. Les cookies permeten a una p?gina web, entre altres finalitats, assegurar el funcionament correcte de la p?gina, permetre a l?Usuari un acc?s m?s r?pid als [&hellip;]<\/p>\n","protected":false},"author":1,"featured_media":0,"parent":0,"menu_order":0,"comment_status":"closed","ping_status":"closed","template":"elementor_header_footer","meta":{"footnotes":""},"class_list":["post-232","page","type-page","status-publish","hentry"],"yoast_head":"<!-- This site is optimized with the Yoast SEO plugin v27.0 - https:\/\/yoast.com\/product\/yoast-seo-wordpress\/ -->\n<title>Marcid Business<\/title>\n<meta name=\"robots\" content=\"noindex, nofollow\" \/>\n<meta property=\"og:locale\" content=\"ca_ES\" \/>\n<meta property=\"og:type\" content=\"article\" \/>\n<meta property=\"og:description\" content=\"\" \/>\n<meta property=\"og:url\" content=\"https:\/\/www.marcidbusiness.com\/ca\/politica-de-cookies\/\" \/>\n<meta property=\"og:site_name\" content=\"Marcid Business\" \/>\n<meta property=\"article:modified_time\" content=\"2026-03-02T14:07:21+00:00\" \/>\n<meta name=\"twitter:card\" content=\"summary_large_image\" \/>\n<meta name=\"twitter:label1\" content=\"Temps estimat de lectura\" \/>\n\t<meta name=\"twitter:data1\" content=\"9 minuts\" \/>\n<script type=\"application\/ld+json\" class=\"yoast-schema-graph\">{\"@context\":\"https:\/\/schema.org\",\"@graph\":[{\"@type\":\"WebPage\",\"@id\":\"https:\/\/www.marcidbusiness.com\/ca\/politica-de-cookies\/\",\"url\":\"https:\/\/www.marcidbusiness.com\/ca\/politica-de-cookies\/\",\"name\":\"\",\"isPartOf\":{\"@id\":\"https:\/\/www.marcidbusiness.com\/ca\/#website\"},\"datePublished\":\"2026-02-24T12:39:58+00:00\",\"dateModified\":\"2026-03-02T14:07:21+00:00\",\"breadcrumb\":{\"@id\":\"https:\/\/www.marcidbusiness.com\/ca\/politica-de-cookies\/#breadcrumb\"},\"inLanguage\":\"ca\",\"potentialAction\":[{\"@type\":\"ReadAction\",\"target\":[\"https:\/\/www.marcidbusiness.com\/ca\/politica-de-cookies\/\"]}]},{\"@type\":\"BreadcrumbList\",\"@id\":\"https:\/\/www.marcidbusiness.com\/ca\/politica-de-cookies\/#breadcrumb\",\"itemListElement\":[{\"@type\":\"ListItem\",\"position\":1,\"name\":\"Inici\",\"item\":\"https:\/\/www.marcidbusiness.com\/ca\/inici\/\"},{\"@type\":\"ListItem\",\"position\":2,\"name\":\"Pol?tica de cookies\"}]},{\"@type\":\"WebSite\",\"@id\":\"https:\/\/www.marcidbusiness.com\/ca\/#website\",\"url\":\"https:\/\/www.marcidbusiness.com\/ca\/\",\"name\":\"Marcid Business\",\"description\":\"Soluciones para la industria alimentaria\",\"publisher\":{\"@id\":\"https:\/\/www.marcidbusiness.com\/ca\/#organization\"},\"potentialAction\":[{\"@type\":\"SearchAction\",\"target\":{\"@type\":\"EntryPoint\",\"urlTemplate\":\"https:\/\/www.marcidbusiness.com\/ca\/?s={search_term_string}\"},\"query-input\":{\"@type\":\"PropertyValueSpecification\",\"valueRequired\":true,\"valueName\":\"search_term_string\"}}],\"inLanguage\":\"ca\"},{\"@type\":\"Organization\",\"@id\":\"https:\/\/www.marcidbusiness.com\/ca\/#organization\",\"name\":\"Marcid Business\",\"url\":\"https:\/\/www.marcidbusiness.com\/ca\/\",\"logo\":{\"@type\":\"ImageObject\",\"inLanguage\":\"ca\",\"@id\":\"https:\/\/www.marcidbusiness.com\/ca\/#\/schema\/logo\/image\/\",\"url\":\"https:\/\/www.marcidbusiness.com\/wp-content\/uploads\/2026\/02\/logo-marcid.svg\",\"contentUrl\":\"https:\/\/www.marcidbusiness.com\/wp-content\/uploads\/2026\/02\/logo-marcid.svg\",\"width\":267,\"height\":141,\"caption\":\"Marcid Business\"},\"image\":{\"@id\":\"https:\/\/www.marcidbusiness.com\/ca\/#\/schema\/logo\/image\/\"}}]}<\/script>\n<!-- \/ Yoast SEO plugin. -->","yoast_head_json":{"title":"Marcid Business","robots":{"index":"noindex","follow":"nofollow"},"og_locale":"ca_ES","og_type":"article","og_description":"INTRODUCCI? El web de MACID BUSINESS SL utilitza cookies pr?pies i de tercers. Una galeta ?s un fitxer que es descarrega al vostre ordinador en accedir a determinades p?gines web. Les cookies permeten a una p?gina web, entre altres finalitats, assegurar el funcionament correcte de la p?gina, permetre a l?Usuari un acc?s m?s r?pid als [&hellip;]","og_url":"https:\/\/www.marcidbusiness.com\/ca\/politica-de-cookies\/","og_site_name":"Marcid Business","article_modified_time":"2026-03-02T14:07:21+00:00","twitter_card":"summary_large_image","twitter_misc":{"Temps estimat de lectura":"9 minuts"},"schema":{"@context":"https:\/\/schema.org","@graph":[{"@type":"WebPage","@id":"https:\/\/www.marcidbusiness.com\/ca\/politica-de-cookies\/","url":"https:\/\/www.marcidbusiness.com\/ca\/politica-de-cookies\/","name":"","isPartOf":{"@id":"https:\/\/www.marcidbusiness.com\/ca\/#website"},"datePublished":"2026-02-24T12:39:58+00:00","dateModified":"2026-03-02T14:07:21+00:00","breadcrumb":{"@id":"https:\/\/www.marcidbusiness.com\/ca\/politica-de-cookies\/#breadcrumb"},"inLanguage":"ca","potentialAction":[{"@type":"ReadAction","target":["https:\/\/www.marcidbusiness.com\/ca\/politica-de-cookies\/"]}]},{"@type":"BreadcrumbList","@id":"https:\/\/www.marcidbusiness.com\/ca\/politica-de-cookies\/#breadcrumb","itemListElement":[{"@type":"ListItem","position":1,"name":"Inici","item":"https:\/\/www.marcidbusiness.com\/ca\/inici\/"},{"@type":"ListItem","position":2,"name":"Pol?tica de cookies"}]},{"@type":"WebSite","@id":"https:\/\/www.marcidbusiness.com\/ca\/#website","url":"https:\/\/www.marcidbusiness.com\/ca\/","name":"Marcid Business","description":"Soluciones para la industria alimentaria","publisher":{"@id":"https:\/\/www.marcidbusiness.com\/ca\/#organization"},"potentialAction":[{"@type":"SearchAction","target":{"@type":"EntryPoint","urlTemplate":"https:\/\/www.marcidbusiness.com\/ca\/?s={search_term_string}"},"query-input":{"@type":"PropertyValueSpecification","valueRequired":true,"valueName":"search_term_string"}}],"inLanguage":"ca"},{"@type":"Organization","@id":"https:\/\/www.marcidbusiness.com\/ca\/#organization","name":"Marcid Business","url":"https:\/\/www.marcidbusiness.com\/ca\/","logo":{"@type":"ImageObject","inLanguage":"ca","@id":"https:\/\/www.marcidbusiness.com\/ca\/#\/schema\/logo\/image\/","url":"https:\/\/www.marcidbusiness.com\/wp-content\/uploads\/2026\/02\/logo-marcid.svg","contentUrl":"https:\/\/www.marcidbusiness.com\/wp-content\/uploads\/2026\/02\/logo-marcid.svg","width":267,"height":141,"caption":"Marcid Business"},"image":{"@id":"https:\/\/www.marcidbusiness.com\/ca\/#\/schema\/logo\/image\/"}}]}},"_links":{"self":[{"href":"https:\/\/www.marcidbusiness.com\/ca\/wp-json\/wp\/v2\/pages\/232","targetHints":{"allow":["GET"]}}],"collection":[{"href":"https:\/\/www.marcidbusiness.com\/ca\/wp-json\/wp\/v2\/pages"}],"about":[{"href":"https:\/\/www.marcidbusiness.com\/ca\/wp-json\/wp\/v2\/types\/page"}],"author":[{"embeddable":true,"href":"https:\/\/www.marcidbusiness.com\/ca\/wp-json\/wp\/v2\/users\/1"}],"replies":[{"embeddable":true,"href":"https:\/\/www.marcidbusiness.com\/ca\/wp-json\/wp\/v2\/comments?post=232"}],"version-history":[{"count":14,"href":"https:\/\/www.marcidbusiness.com\/ca\/wp-json\/wp\/v2\/pages\/232\/revisions"}],"predecessor-version":[{"id":374,"href":"https:\/\/www.marcidbusiness.com\/ca\/wp-json\/wp\/v2\/pages\/232\/revisions\/374"}],"wp:attachment":[{"href":"https:\/\/www.marcidbusiness.com\/ca\/wp-json\/wp\/v2\/media?parent=232"}],"curies":[{"name":"wp","href":"https:\/\/api.w.org\/{rel}","templated":true}]}}