{"id":230,"date":"2026-02-23T15:43:04","date_gmt":"2026-02-23T15:43:04","guid":{"rendered":"https:\/\/www.marcidbusiness.com\/index.php\/avis-legal\/"},"modified":"2026-03-02T14:07:44","modified_gmt":"2026-03-02T14:07:44","slug":"avis-legal","status":"publish","type":"page","link":"https:\/\/www.marcidbusiness.com\/ca\/avis-legal\/","title":{"rendered":"Av?s legal"},"content":{"rendered":"\t\t<div data-elementor-type=\"wp-page\" data-elementor-id=\"230\" class=\"elementor elementor-230 elementor-88\" data-elementor-post-type=\"page\">\n\t\t\t\t<div class=\"elementor-element elementor-element-e9c1e70 e-flex e-con-boxed e-con e-parent\" data-id=\"e9c1e70\" data-element_type=\"container\" data-e-type=\"container\" data-settings=\"{&quot;background_background&quot;:&quot;classic&quot;}\">\n\t\t\t\t\t<div class=\"e-con-inner\">\n\t\t\t\t<div class=\"elementor-element elementor-element-71fce1e elementor-widget elementor-widget-heading\" data-id=\"71fce1e\" data-element_type=\"widget\" data-e-type=\"widget\" data-widget_type=\"heading.default\">\n\t\t\t\t\t<h1 class=\"elementor-heading-title elementor-size-default\">Av?s legal<\/h1>\t\t\t\t<\/div>\n\t\t\t\t\t<\/div>\n\t\t\t\t<\/div>\n\t\t<div class=\"elementor-element elementor-element-b1190f9 e-flex e-con-boxed e-con e-parent\" data-id=\"b1190f9\" data-element_type=\"container\" data-e-type=\"container\">\n\t\t\t\t\t<div class=\"e-con-inner\">\n\t\t\t\t<div class=\"elementor-element elementor-element-fee62ee elementor-widget elementor-widget-text-editor\" data-id=\"fee62ee\" data-element_type=\"widget\" data-e-type=\"widget\" data-widget_type=\"text-editor.default\">\n\t\t\t\t\t\t\t\t\t<p>Per donar compliment a l\u2019article 10 de la Llei 34\/2002 de Serveis de la Societat de la Informaci\u00f3 i del Comer\u00e7 Electr\u00f2nic, informem els usuaris de les nostres dades:<\/p><ul class=\"wp-block-list\"><li>Denominaci\u00f3 Social: <strong>MACID BUSINESS SL<\/strong><\/li><li>Domicili Social: <strong>Tuset 23, 7-7, 08006, Barelona<\/strong><\/li><li>NIF: <strong>43501437L<\/strong><\/li><li>Tel\u00e8fon:<strong> 649 423 767<\/strong><\/li><li>E-Mail: <a href=\"mailto:info@marcidbusiness.com\"><strong>info@marcidbusiness.com<\/strong><\/a><\/li><li>Web: <a href=\"https:\/\/marcidbusiness.com\"><strong>marcidbusiness.com<\/strong><\/a><\/li><\/ul><h4 class=\"wp-block-heading\">1. OBJECTE<\/h4><p><strong>MACID BUSINESS SL<\/strong> (Des d\u2019ara tamb\u00e9 el prestador) com a responsable del lloc web, posa a disposici\u00f3 dels usuaris aquest document, que regula l\u2019\u00fas del lloc web <a href=\"https:\/\/marcidbusiness.com\/\"><strong>marcidbusiness.com<\/strong><\/a>, amb el qual pretenem donar compliment a les obligacions que disposa la Llei 34\/2002, de serveis de la Societat de la Informaci\u00f3 i del Comer\u00e7 Electr\u00f2nic (LSSICE o LSSI), aix\u00ed com informar tots els usuaris del lloc web respecte de quins s\u00f3n les condicions d\u2019\u00fas del lloc web. A trav\u00e9s de la web, <strong>MACID BUSINESS SL<\/strong> facilita a los usuarios el acceso y utilizaci\u00f3n de diferentes servicios y contenidos puestos a disposici\u00f3n a trav\u00e9s de la web. Tota persona que accedeixi a aquesta web assumeix el paper d\u2019usuari (d\u2019ara endavant l\u2019usuari), i implica l\u2019acceptaci\u00f3 total i sense reserves de totes i cadascuna de les disposicions incloses en aquest Av\u00eds Legal, aix\u00ed com qualsevol altra disposici\u00f3 legal que fos de aplicaci\u00f3. Com a usuaris, han de llegir atentament aquest Av\u00eds Legal en qualsevol de les ocasions que entrin a la web, ja que aquesta pot patir modificacions ja que el prestador es reserva el dret a modificar qualsevol tipus d\u2019informaci\u00f3 que pogu\u00e9s apar\u00e8ixer a la web, sense que hi hagi l\u2019obligaci\u00f3 de preavisar o posar en coneixement dels usuaris aquestes obligacions, i \u00e9s suficient la publicaci\u00f3 al lloc web del prestador.<\/p><h4 class=\"wp-block-heading\">2. CONDICIONS D\u2019ACC\u00c9S I \u00daS DEL WEB<\/h4><p><strong>2.1. Car\u00e0cter gratu\u00eft de l\u2019acc\u00e9s i l\u2019\u00fas de la web.<\/strong> La prestaci\u00f3 dels serveis per part de <strong>MACID BUSINESS SL<\/strong> t\u00e9 car\u00e0cter gratu\u00eft per a tots els usuaris.<strong>2.2. Registre d\u2019usuari.<\/strong> Amb car\u00e0cter general la prestaci\u00f3 dels serveis no exigeix la pr\u00e8via subscripci\u00f3 o registre dels usuaris.<strong>2.3. Veracitat de la informaci\u00f3.<\/strong> Tota la informaci\u00f3 que facilita l\u2019usuari ha de ser vera\u00e7. A aquest efecte, l\u2019usuari garanteix l\u2019autenticitat de les dades comunicades a trav\u00e9s dels formularis per a la subscripci\u00f3 dels serveis. Ser\u00e0 responsabilitat de l\u2019usuari mantenir tota la informaci\u00f3 facilitada a <strong>MACID BUSINESS SL<\/strong> permanentment actualitzada de manera que respongui, a cada moment, a la seva situaci\u00f3 real. En tot cas, l\u2019Usuari ser\u00e0 l\u2019\u00fanic responsable de les manifestacions falses o inexactes que faci i dels perjudicis que causi el prestador o tercers.<strong>2.4. Menors d\u2019edat.<\/strong> Per a l\u2019\u00fas dels serveis, els menors d\u2019edat han d\u2019obtenir sempre pr\u00e8viament el consentiment dels pares, tutors o representants legals, responsables \u00faltims de tots els actes realitzats pels menors al seu c\u00e0rrec. La responsabilitat en la determinaci\u00f3 de continguts concrets a qu\u00e8 accedeixen els menors correspon a aquells, \u00e9s per aix\u00f2 que si accedeixen a continguts no apropiats per a Internet, s\u2019hauran d\u2019establir als seus ordinadors mecanismes, en particular programes inform\u00e0tics, filtres i bloquejos, que permetin limitar els continguts disponibles i, encara que no siguin infal\u00b7libles, s\u00f3n d\u2019especial utilitat per controlar i restringir els materials a qu\u00e8 poden accedir els menors.<strong>2.5. Obligaci\u00f3 de fer \u00fas correcte de la web.<\/strong> L\u2019Usuari es compromet a utilitzar la web de conformitat amb la Llei i aquest Av\u00eds Legal, aix\u00ed com la moral i els bons costums. En efecte, l\u2019Usuari s\u2019abstindr\u00e0 d\u2019utilitzar la p\u00e0gina amb finalitats il\u00b7l\u00edcites o prohibides, lesives de drets i interessos de tercers, o que de qualsevol manera puguin danyar, inutilitzar, sobrecarregar, deteriorar o impedir la utilitzaci\u00f3 normal d\u2019equips inform\u00e0tics o documents, arxius i tota mena de continguts emmagatzemats en qualsevol equip inform\u00e0tic del prestador. En particular, i a t\u00edtol indicatiu, per\u00f2 no exhaustiu, l\u2019usuari es compromet a no transmetre, difondre o posar a disposici\u00f3 de tercers informacions, dades, continguts, missatges, gr\u00e0fics, dibuixos, arxius de so o imatge, fotografies, enregistraments, programari i, en general, qualsevol classe de material que:<\/p><ul class=\"wp-block-list\"><li>(A) sigui contr\u00e0ria, menysprea o atempti contra els drets fonamentals i les llibertats p\u00fabliques reconegudes constitucionalment, en tractats internacionals i altres normes vigents;<\/li><li>(B) indueixi, inciti o promogui actuacions delictives, denigrat\u00f2ries, difamat\u00f2ries, violentes o, en general, contr\u00e0ries a la llei, a la moral i l\u2019ordre p\u00fablic;<\/li><li>(C) indueixi, inciti o promogui actuacions, actituds o pensaments discriminatoris per ra\u00f3 de sexe, ra\u00e7a, religi\u00f3, creences, edat o condici\u00f3;<\/li><li>(D) sigui contrari al dret a l\u2019honor, a la intimitat personal o familiar o la pr\u00f2pia imatge de les persones;<\/li><li>(E) de qualsevol manera perjudiqui la credibilitat del prestador o de tercers; i<\/li><li>(F) constitueixi publicitat il\u00b7l\u00edcita, enganyosa o deslleial.<\/li><\/ul><h4 class=\"wp-block-heading\">3. EXCLUSI\u00d3 DE GARANTIES I RESPONSABILITAT<\/h4><p>El prestador s\u2019eximeix de qualsevol tipus de responsabilitat derivada de la informaci\u00f3 publicada al nostre lloc web, sempre que aquesta informaci\u00f3 hagi estat manipulada o introdu\u00efda per un tercer ali\u00e8. Aquesta web ha estat revisada i provada perqu\u00e8 funcioni correctament. En principi, es pot garantir el funcionament correcte els 365 dies de l\u2019any, 24 hores al dia. Tot i aix\u00f2, el prestador no descarta la possibilitat que hi hagi determinats errors de programaci\u00f3, o que succeeixin causes de for\u00e7a major, cat\u00e0strofes naturals, vagues, o circumst\u00e0ncies semblants que facin impossible l\u2019acc\u00e9s a la p\u00e0gina web. <strong>MACID BUSINESS SL<\/strong> no atorga cap garantia ni es fa responsable, en cap cas, dels danys i perjudicis de qualsevol naturalesa que puguin sortir a col\u00b7laci\u00f3 de la manca de disponibilitat, manteniment i efectiu funcionament de la web o dels seus serveis i continguts; de l\u2019exist\u00e8ncia de virus, programes maliciosos o lesius als continguts; de l\u2019\u00fas il\u00b7l\u00edcit, negligent, fraudulent o contrari a aquest Av\u00eds legal i condicions d\u2019\u00fas; o de la manca de licitud, qualitat, fiabilitat, utilitat i disponibilitat dels serveis prestats per tercers i posats a disposici\u00f3 dels usuaris al lloc web. El prestador no es fa responsable sota cap concepte dels danys que puguin dimanar de l\u2019\u00fas il\u00b7legal o indegut de la present p\u00e0gina web.<\/p><h4 class=\"wp-block-heading\">4. COOKIES<\/h4><p>El lloc web del prestador pot utilitzar cookies (petits fitxers d\u2019informaci\u00f3 que el servidor envia a l\u2019ordinador de qui accedeix a la p\u00e0gina) per dur a terme determinades funcions que s\u00f3n considerades imprescindibles per al correcte funcionament i visualitzaci\u00f3 del lloc. Les galetes utilitzades tenen, en tot cas, car\u00e0cter temporal, amb l\u2019\u00fanica finalitat de fer m\u00e9s efica\u00e7 la navegaci\u00f3, i desapareixen en acabar la sessi\u00f3 de l\u2019usuari. En cap cas no s\u2019utilitzaran les cookies per recollir informaci\u00f3 de car\u00e0cter personal. Per a m\u00e9s informaci\u00f3, vegeu la nostra <a href=\"https:\/\/marcidbusiness.com\/politica-de-cookies\/\" target=\"_blank\" rel=\"noreferrer noopener\">Pol\u00edtica de Cookies<\/a>.<\/p><h4 class=\"wp-block-heading\">5. ENLLA\u00c7OS <em>(LINKS)<\/em><\/h4><p>Des del lloc web \u00e9s possible que es redirigeixi a continguts patrocinats, anuncis i\/o enlla\u00e7os d\u2019afiliats i\/o de tercers webs. Entre los enlaces facilitados, existe la posibilidad de informar o hacer referencia a productos y \/ o servicios de terceros. At\u00e8s que des de la web no podem controlar els continguts introdu\u00efts pels tercers, <strong>MACID BUSINESS SL<\/strong> no assumeix cap tipus de responsabilitat respecte a aquests continguts, ni garanteix l\u2019experi\u00e8ncia, la integritat o la qualitat dels seus productes. En tot cas, el prestador manifesta que procedir\u00e0 a la retirada immediata de qualsevol contingut que pogu\u00e9s contravenir la legislaci\u00f3 nacional o internacional, la moral o l\u2019ordre p\u00fablic, procedint a la retirada immediata de la redirecci\u00f3 a aquests webs, posant en coneixement de les autoritats competents el contingut en q\u00fcesti\u00f3. <strong>MACID BUSINESS SL<\/strong> tindr\u00e0 publicats aquests enlla\u00e7os fins que siguin eliminats o suspesos pel prestador o per l\u2019anunciant, i no ser\u00e0 responsable encara que aquests anuncis puguin ser indexats per altres cercadors aliens a aquesta web. El prestador no es responsabilitza de la informaci\u00f3 i continguts emmagatzemats, a t\u00edtol enunciatiu per\u00f2 no limitatiu, en f\u00f2rums, xats, generadors de blocs, comentaris, xarxes socials o qualsevol altre mitj\u00e0 que permeti a tercers publicar continguts de forma independent a la p\u00e0gina web del prestador. No obstant aix\u00f2 i en compliment del que disposa l\u2019art. 11 i 16 de la LSSICE, el prestador es posa a disposici\u00f3 de tots els usuaris, autoritats i forces de seguretat, i col\u00b7laborant de forma activa en la retirada o, quan calgui, el bloqueig de tots aquells continguts que puguin afectar o contravenir la legislaci\u00f3 nacional, o internacional, drets de tercers o la moral i l\u2019ordre p\u00fablic. En cas que l\u2019usuari consideri que pot existir algun contingut que pogu\u00e9s ser susceptible d\u2019aquesta classificaci\u00f3, es prega que ho notifiqui de manera immediata a l\u2019administrador del lloc web. Tot i aix\u00f2, <strong>MACID BUSINESS SL<\/strong> us informa que qualsevol relaci\u00f3 contractual o extracontractual que l\u2019usuari formalitzi amb aquests tercers, afiliats o anunciants mitjan\u00e7ant el link proporcionat per aquesta web, ser\u00e0 v\u00e0lid \u00fanica i exclusivament entre l\u2019usuari i l\u2019anunciant i\/o tercera persona i <strong>MACID BUSINESS SL<\/strong> no tindr\u00e0 cap mena de responsabilitat sobre els danys o perjudicis que poguessin ser ocasionats per la prestaci\u00f3 de serveis i\/o relacions contractuals o extracontractuals realitzades entre l\u2019usuari i els anunciants o tercers contactades a trav\u00e9s d\u2019aquest portal ja que el prestador nom\u00e9s actua com a intermediari o mitj\u00e0 publicitari.<\/p><h4 class=\"wp-block-heading\">6. PROTECCI\u00d3 DE DADES PERSONALS<\/h4><p>El prestador est\u00e0 profundament comprom\u00e8s amb el compliment de la normativa de protecci\u00f3 de dades personals i garanteix el compliment \u00edntegre de les obligacions disposades, aix\u00ed com la implementaci\u00f3 de les mesures de seguretat disposades al Reglament Europeu de Protecci\u00f3 de dades i la normativa espanyola de protecci\u00f3 de dades. Per a m\u00e9s informaci\u00f3, vegeu la nostra <a href=\"https:\/\/marcidbusiness.com\/politica-de-privacitat\/\" target=\"_blank\" rel=\"noreferrer noopener\">Pol\u00edtica de Privadesa<\/a>.<\/p><h4 class=\"wp-block-heading\">7. PROPIETAT INTEL\u00b7LECTUAL I INDUSTRIAL<\/h4><p>El lloc web, incloent-hi a t\u00edtol enunciatiu, per\u00f2 no limitatiu: la programaci\u00f3, edici\u00f3, compilaci\u00f3 i altres elements necessaris per al seu funcionament, els dissenys, logotips, textos, fotografies i\/o gr\u00e0fics s\u00f3n propietat del prestador o, en cas que fos necessari, disposa de la llic\u00e8ncia o autoritzaci\u00f3 expressa per part dels autors. Tots els continguts del lloc web estan degudament protegits per la normativa de propietat intel\u00b7lectual i industrial. Independentment de la finalitat per a la qual fossin destinats, la reproducci\u00f3 total o parcial, \u00fas, distribuci\u00f3 i comunicaci\u00f3 p\u00fablica requereixen l\u2019autoritzaci\u00f3 escrita pr\u00e8via per part del prestador. Qualsevol \u00fas no autoritzat pr\u00e8viament per part del prestador ser\u00e0 considerat un incompliment greu dels drets de propietat intel\u00b7lectual o industrial de l\u2019autor. Els dissenys, logotips, text i\/o gr\u00e0fics aliens al prestador i que puguin apar\u00e8ixer al lloc web, pertanyen als seus respectius propietaris, sent ells mateixos responsables de qualsevol possible controv\u00e8rsia que pogu\u00e9s esdevenir respecte a aquests. En tot cas, el prestador compta amb l\u2019autoritzaci\u00f3 expressa i pr\u00e8via per part dels mateixos. El prestador reconeix a favor dels seus titulars els corresponents drets de propietat industrial i intel\u00b7lectual, i no implica la menci\u00f3 o aparici\u00f3 al lloc web, de l\u2019exist\u00e8ncia de drets o responsabilitat del prestador sobre aquests, com tampoc suport, patrocini o recomanaci\u00f3 per part del mateix. Per fer qualsevol tipus d\u2019observaci\u00f3 respecte a possibles incompliments dels drets de propietat intel\u00b7lectual o industrial, aix\u00ed com sobre qualsevol dels continguts del lloc web, ho podeu fer a trav\u00e9s del correu electr\u00f2nic a dalt ressenyat.<\/p><h4 class=\"wp-block-heading\">8. LLEI APLICABLE I JURISDICCI\u00d3<\/h4><p>Per a la resoluci\u00f3 de les controv\u00e8rsies o q\u00fcestions relacionades amb aquesta p\u00e0gina web o de les activitats en aquesta desenvolupades, ser\u00e0 aplicable la legislaci\u00f3 espanyola, a la qual se sotmeten expressament les parts, sent competents per a la resoluci\u00f3 de tots els conflictes derivats o relacionats amb el seu \u00fas els Jutjats i els Tribunals de Barcelona.<\/p>\t\t\t\t\t\t\t\t<\/div>\n\t\t\t\t\t<\/div>\n\t\t\t\t<\/div>\n\t\t\t\t<\/div>\n\t\t","protected":false},"excerpt":{"rendered":"<p>Per donar compliment a l?article 10 de la Llei 34\/2002 de Serveis de la Societat de la Informaci? i del Comer? Electr?nic, informem els usuaris de les nostres dades: Denominaci? Social: MACID BUSINESS SL Domicili Social: Tuset 23, 7-7, 08006, Barelona NIF: 43501437L Tel?fon: 649 423 767 E-Mail: info@marcidbusiness.com Web: marcidbusiness.com 1. OBJECTE MACID BUSINESS [&hellip;]<\/p>\n","protected":false},"author":1,"featured_media":0,"parent":0,"menu_order":0,"comment_status":"closed","ping_status":"closed","template":"elementor_header_footer","meta":{"footnotes":""},"class_list":["post-230","page","type-page","status-publish","hentry"],"yoast_head":"<!-- This site is optimized with the Yoast SEO plugin v27.0 - https:\/\/yoast.com\/product\/yoast-seo-wordpress\/ -->\n<title>Marcid Business<\/title>\n<meta name=\"robots\" content=\"noindex, nofollow\" \/>\n<meta property=\"og:locale\" content=\"ca_ES\" \/>\n<meta property=\"og:type\" content=\"article\" \/>\n<meta property=\"og:description\" content=\"\" \/>\n<meta property=\"og:url\" content=\"https:\/\/www.marcidbusiness.com\/ca\/avis-legal\/\" \/>\n<meta property=\"og:site_name\" content=\"Marcid Business\" \/>\n<meta property=\"article:modified_time\" content=\"2026-03-02T14:07:44+00:00\" \/>\n<meta name=\"twitter:card\" content=\"summary_large_image\" \/>\n<meta name=\"twitter:label1\" content=\"Temps estimat de lectura\" \/>\n\t<meta name=\"twitter:data1\" content=\"11 minuts\" \/>\n<script type=\"application\/ld+json\" class=\"yoast-schema-graph\">{\"@context\":\"https:\/\/schema.org\",\"@graph\":[{\"@type\":\"WebPage\",\"@id\":\"https:\/\/www.marcidbusiness.com\/ca\/avis-legal\/\",\"url\":\"https:\/\/www.marcidbusiness.com\/ca\/avis-legal\/\",\"name\":\"\",\"isPartOf\":{\"@id\":\"https:\/\/www.marcidbusiness.com\/ca\/#website\"},\"datePublished\":\"2026-02-23T15:43:04+00:00\",\"dateModified\":\"2026-03-02T14:07:44+00:00\",\"breadcrumb\":{\"@id\":\"https:\/\/www.marcidbusiness.com\/ca\/avis-legal\/#breadcrumb\"},\"inLanguage\":\"ca\",\"potentialAction\":[{\"@type\":\"ReadAction\",\"target\":[\"https:\/\/www.marcidbusiness.com\/ca\/avis-legal\/\"]}]},{\"@type\":\"BreadcrumbList\",\"@id\":\"https:\/\/www.marcidbusiness.com\/ca\/avis-legal\/#breadcrumb\",\"itemListElement\":[{\"@type\":\"ListItem\",\"position\":1,\"name\":\"Inici\",\"item\":\"https:\/\/www.marcidbusiness.com\/ca\/inici\/\"},{\"@type\":\"ListItem\",\"position\":2,\"name\":\"Av?s legal\"}]},{\"@type\":\"WebSite\",\"@id\":\"https:\/\/www.marcidbusiness.com\/ca\/#website\",\"url\":\"https:\/\/www.marcidbusiness.com\/ca\/\",\"name\":\"Marcid Business\",\"description\":\"Soluciones para la industria alimentaria\",\"publisher\":{\"@id\":\"https:\/\/www.marcidbusiness.com\/ca\/#organization\"},\"potentialAction\":[{\"@type\":\"SearchAction\",\"target\":{\"@type\":\"EntryPoint\",\"urlTemplate\":\"https:\/\/www.marcidbusiness.com\/ca\/?s={search_term_string}\"},\"query-input\":{\"@type\":\"PropertyValueSpecification\",\"valueRequired\":true,\"valueName\":\"search_term_string\"}}],\"inLanguage\":\"ca\"},{\"@type\":\"Organization\",\"@id\":\"https:\/\/www.marcidbusiness.com\/ca\/#organization\",\"name\":\"Marcid Business\",\"url\":\"https:\/\/www.marcidbusiness.com\/ca\/\",\"logo\":{\"@type\":\"ImageObject\",\"inLanguage\":\"ca\",\"@id\":\"https:\/\/www.marcidbusiness.com\/ca\/#\/schema\/logo\/image\/\",\"url\":\"https:\/\/www.marcidbusiness.com\/wp-content\/uploads\/2026\/02\/logo-marcid.svg\",\"contentUrl\":\"https:\/\/www.marcidbusiness.com\/wp-content\/uploads\/2026\/02\/logo-marcid.svg\",\"width\":267,\"height\":141,\"caption\":\"Marcid Business\"},\"image\":{\"@id\":\"https:\/\/www.marcidbusiness.com\/ca\/#\/schema\/logo\/image\/\"}}]}<\/script>\n<!-- \/ Yoast SEO plugin. -->","yoast_head_json":{"title":"Marcid Business","robots":{"index":"noindex","follow":"nofollow"},"og_locale":"ca_ES","og_type":"article","og_description":"Per donar compliment a l?article 10 de la Llei 34\/2002 de Serveis de la Societat de la Informaci? i del Comer? Electr?nic, informem els usuaris de les nostres dades: Denominaci? Social: MACID BUSINESS SL Domicili Social: Tuset 23, 7-7, 08006, Barelona NIF: 43501437L Tel?fon: 649 423 767 E-Mail: info@marcidbusiness.com Web: marcidbusiness.com 1. OBJECTE MACID BUSINESS [&hellip;]","og_url":"https:\/\/www.marcidbusiness.com\/ca\/avis-legal\/","og_site_name":"Marcid Business","article_modified_time":"2026-03-02T14:07:44+00:00","twitter_card":"summary_large_image","twitter_misc":{"Temps estimat de lectura":"11 minuts"},"schema":{"@context":"https:\/\/schema.org","@graph":[{"@type":"WebPage","@id":"https:\/\/www.marcidbusiness.com\/ca\/avis-legal\/","url":"https:\/\/www.marcidbusiness.com\/ca\/avis-legal\/","name":"","isPartOf":{"@id":"https:\/\/www.marcidbusiness.com\/ca\/#website"},"datePublished":"2026-02-23T15:43:04+00:00","dateModified":"2026-03-02T14:07:44+00:00","breadcrumb":{"@id":"https:\/\/www.marcidbusiness.com\/ca\/avis-legal\/#breadcrumb"},"inLanguage":"ca","potentialAction":[{"@type":"ReadAction","target":["https:\/\/www.marcidbusiness.com\/ca\/avis-legal\/"]}]},{"@type":"BreadcrumbList","@id":"https:\/\/www.marcidbusiness.com\/ca\/avis-legal\/#breadcrumb","itemListElement":[{"@type":"ListItem","position":1,"name":"Inici","item":"https:\/\/www.marcidbusiness.com\/ca\/inici\/"},{"@type":"ListItem","position":2,"name":"Av?s legal"}]},{"@type":"WebSite","@id":"https:\/\/www.marcidbusiness.com\/ca\/#website","url":"https:\/\/www.marcidbusiness.com\/ca\/","name":"Marcid Business","description":"Soluciones para la industria alimentaria","publisher":{"@id":"https:\/\/www.marcidbusiness.com\/ca\/#organization"},"potentialAction":[{"@type":"SearchAction","target":{"@type":"EntryPoint","urlTemplate":"https:\/\/www.marcidbusiness.com\/ca\/?s={search_term_string}"},"query-input":{"@type":"PropertyValueSpecification","valueRequired":true,"valueName":"search_term_string"}}],"inLanguage":"ca"},{"@type":"Organization","@id":"https:\/\/www.marcidbusiness.com\/ca\/#organization","name":"Marcid Business","url":"https:\/\/www.marcidbusiness.com\/ca\/","logo":{"@type":"ImageObject","inLanguage":"ca","@id":"https:\/\/www.marcidbusiness.com\/ca\/#\/schema\/logo\/image\/","url":"https:\/\/www.marcidbusiness.com\/wp-content\/uploads\/2026\/02\/logo-marcid.svg","contentUrl":"https:\/\/www.marcidbusiness.com\/wp-content\/uploads\/2026\/02\/logo-marcid.svg","width":267,"height":141,"caption":"Marcid Business"},"image":{"@id":"https:\/\/www.marcidbusiness.com\/ca\/#\/schema\/logo\/image\/"}}]}},"_links":{"self":[{"href":"https:\/\/www.marcidbusiness.com\/ca\/wp-json\/wp\/v2\/pages\/230","targetHints":{"allow":["GET"]}}],"collection":[{"href":"https:\/\/www.marcidbusiness.com\/ca\/wp-json\/wp\/v2\/pages"}],"about":[{"href":"https:\/\/www.marcidbusiness.com\/ca\/wp-json\/wp\/v2\/types\/page"}],"author":[{"embeddable":true,"href":"https:\/\/www.marcidbusiness.com\/ca\/wp-json\/wp\/v2\/users\/1"}],"replies":[{"embeddable":true,"href":"https:\/\/www.marcidbusiness.com\/ca\/wp-json\/wp\/v2\/comments?post=230"}],"version-history":[{"count":7,"href":"https:\/\/www.marcidbusiness.com\/ca\/wp-json\/wp\/v2\/pages\/230\/revisions"}],"predecessor-version":[{"id":377,"href":"https:\/\/www.marcidbusiness.com\/ca\/wp-json\/wp\/v2\/pages\/230\/revisions\/377"}],"wp:attachment":[{"href":"https:\/\/www.marcidbusiness.com\/ca\/wp-json\/wp\/v2\/media?parent=230"}],"curies":[{"name":"wp","href":"https:\/\/api.w.org\/{rel}","templated":true}]}}