{"id":219,"date":"2026-02-11T08:59:09","date_gmt":"2026-02-11T08:59:09","guid":{"rendered":"https:\/\/www.marcidbusiness.com\/index.php\/contacte\/"},"modified":"2026-02-27T15:11:44","modified_gmt":"2026-02-27T15:11:44","slug":"contacte","status":"publish","type":"page","link":"https:\/\/www.marcidbusiness.com\/ca\/contacte\/","title":{"rendered":"Contacte"},"content":{"rendered":"\t\t<div data-elementor-type=\"wp-page\" data-elementor-id=\"219\" class=\"elementor elementor-219 elementor-14\" data-elementor-post-type=\"page\">\n\t\t\t\t<div class=\"elementor-element elementor-element-495dd2d e-flex e-con-boxed e-con e-parent\" data-id=\"495dd2d\" data-element_type=\"container\" data-e-type=\"container\" data-settings=\"{&quot;background_background&quot;:&quot;classic&quot;}\">\n\t\t\t\t\t<div class=\"e-con-inner\">\n\t\t\t\t<div class=\"elementor-element elementor-element-28fba08 elementor-widget elementor-widget-heading\" data-id=\"28fba08\" data-element_type=\"widget\" data-e-type=\"widget\" data-widget_type=\"heading.default\">\n\t\t\t\t\t<h1 class=\"elementor-heading-title elementor-size-default\">Contacte<\/h1>\t\t\t\t<\/div>\n\t\t\t\t<div class=\"elementor-element elementor-element-7c7813e elementor-widget elementor-widget-text-editor\" data-id=\"7c7813e\" data-element_type=\"widget\" data-e-type=\"widget\" data-widget_type=\"text-editor.default\">\n\t\t\t\t\t\t\t\t\t<p>Busqueu un prove\u00efdor de confian\u00e7a per al vostre establiment?<br>Som aqu\u00ed per ajudar-vos.<\/p>\t\t\t\t\t\t\t\t<\/div>\n\t\t\t\t\t<\/div>\n\t\t\t\t<\/div>\n\t\t<div class=\"elementor-element elementor-element-918ea80 e-flex e-con-boxed e-con e-parent\" data-id=\"918ea80\" data-element_type=\"container\" data-e-type=\"container\">\n\t\t\t\t\t<div class=\"e-con-inner\">\n\t\t<div class=\"elementor-element elementor-element-3a5e024 e-con-full e-flex e-con e-child\" data-id=\"3a5e024\" data-element_type=\"container\" data-e-type=\"container\">\n\t\t\t\t<div class=\"elementor-element elementor-element-434e73c elementor-widget elementor-widget-heading\" data-id=\"434e73c\" data-element_type=\"widget\" data-e-type=\"widget\" data-widget_type=\"heading.default\">\n\t\t\t\t\t<h2 class=\"elementor-heading-title elementor-size-default\">Escriviu-nos i comen\u00e7arem a treballar plegats.<\/h2>\t\t\t\t<\/div>\n\t\t\t\t<div class=\"elementor-element elementor-element-9b370b1 elementor-widget elementor-widget-text-editor\" data-id=\"9b370b1\" data-element_type=\"widget\" data-e-type=\"widget\" data-widget_type=\"text-editor.default\">\n\t\t\t\t\t\t\t\t\t<p>Expliqueu-nos qu\u00e8 necessiteu i el nostre equip us assessorar\u00e0 de manera personalitzada per oferir-vos la millor soluci\u00f3 en alimentaci\u00f3 professional.<\/p>\t\t\t\t\t\t\t\t<\/div>\n\t\t\t\t<div class=\"elementor-element elementor-element-99604e2 elementor-widget elementor-widget-html\" data-id=\"99604e2\" data-element_type=\"widget\" data-e-type=\"widget\" data-widget_type=\"html.default\">\n\t\t\t\t\t<div class=\"frm_forms  with_frm_style frm_style_estilo-de-formidable\" id=\"frm_form_2_container\" data-token=\"cb5d8fac21a771391b390459ff2eaf76\">\n<form enctype=\"multipart\/form-data\" method=\"post\" class=\"frm-show-form  frm_pro_form \" id=\"form_contacto\" data-token=\"cb5d8fac21a771391b390459ff2eaf76\">\n<div class=\"frm_form_fields \">\n<fieldset>\n<legend class=\"frm_screen_reader\">Contacte<\/legend>\r\n\r\n<div class=\"frm_fields_container\">\n<input type=\"hidden\" name=\"frm_action\" value=\"create\" \/>\n<input type=\"hidden\" name=\"form_id\" value=\"2\" \/>\n<input type=\"hidden\" name=\"frm_hide_fields_2\" id=\"frm_hide_fields_2\" value=\"\" \/>\n<input type=\"hidden\" name=\"form_key\" value=\"contacto\" \/>\n<input type=\"hidden\" name=\"item_meta[0]\" value=\"\" \/>\n<input type=\"hidden\" id=\"frm_submit_entry_2\" name=\"frm_submit_entry_2\" value=\"d1c1c01d25\" \/><input type=\"hidden\" name=\"_wp_http_referer\" value=\"\/ca\/wp-json\/wp\/v2\/pages\/219\" \/><div id=\"frm_field_7_container\" class=\"frm_form_field form-field  frm_required_field frm_top_container frm6 frm_first\">\r\n\t<label for=\"field_7qlpw\" id=\"field_7qlpw_label\" class=\"frm_primary_label\">Nom\r\n\t\t<span class=\"frm_required\" aria-hidden=\"true\">*<\/span>\r\n\t<\/label>\r\n\t<input  type=\"text\" id=\"field_7qlpw\" name=\"item_meta[7]\" value=\"\"  data-reqmsg=\"Nom no pot estar en blanc.\" aria-required=\"true\" data-invmsg=\"Nom no \u00e9s v\u00e0lid\" aria-invalid=\"false\"   \/>\r\n\t\r\n\t\r\n<\/div>\n<div id=\"frm_field_8_container\" class=\"frm_form_field form-field  frm_required_field frm_top_container frm6\">\r\n\t<label for=\"field_u1b51\" id=\"field_u1b51_label\" class=\"frm_primary_label\">Cognoms\r\n\t\t<span class=\"frm_required\" aria-hidden=\"true\">*<\/span>\r\n\t<\/label>\r\n\t<input  type=\"text\" id=\"field_u1b51\" name=\"item_meta[8]\" value=\"\"  data-reqmsg=\"Cognoms no pot estar en blanc.\" aria-required=\"true\" data-invmsg=\"Cognoms no \u00e9s v\u00e0lid\" aria-invalid=\"false\"   \/>\r\n\t\r\n\t\r\n<\/div>\n<div id=\"frm_field_12_container\" class=\"frm_form_field form-field  frm_top_container frm6 frm_first\">\r\n\t<label for=\"field_meh3q\" id=\"field_meh3q_label\" class=\"frm_primary_label\">Empresa\r\n\t\t<span class=\"frm_required\" aria-hidden=\"true\"><\/span>\r\n\t<\/label>\r\n\t<input  type=\"text\" id=\"field_meh3q\" name=\"item_meta[12]\" value=\"\"  data-invmsg=\"Empresa no \u00e9s v\u00e0lid\" aria-invalid=\"false\"   \/>\r\n\t\r\n\t\r\n<\/div>\n<div id=\"frm_field_9_container\" class=\"frm_form_field form-field  frm_required_field frm_top_container frm6\">\r\n\t<label for=\"field_vqec1\" id=\"field_vqec1_label\" class=\"frm_primary_label\">Tel\u00e8fon de contacte\r\n\t\t<span class=\"frm_required\" aria-hidden=\"true\">*<\/span>\r\n\t<\/label>\r\n\t<input type=\"tel\" id=\"field_vqec1\" name=\"item_meta[9]\" value=\"\"  data-reqmsg=\"Tel\u00e8fon de contacte no pot estar en blanc.\" aria-required=\"true\" data-invmsg=\"Tel\u00e8fon de contacte no \u00e9s v\u00e0lid\" aria-invalid=\"false\" pattern=\"((\\+\\d{1,3}(-|.| )?\\(?\\d\\)?(-| |.)?\\d{1,5})|(\\(?\\d{2,6}\\)?))(-|.| )?(\\d{3,4})(-|.| )?(\\d{4})(( x| ext)\\d{1,5}){0,1}$\"  \/>\r\n\t\r\n\t\r\n<\/div>\n<div id=\"frm_field_10_container\" class=\"frm_form_field form-field  frm_required_field frm_top_container\">\r\n\t<label for=\"field_klt4e\" id=\"field_klt4e_label\" class=\"frm_primary_label\">Correu electr\u00f2nic\r\n\t\t<span class=\"frm_required\" aria-hidden=\"true\">*<\/span>\r\n\t<\/label>\r\n\t<input type=\"email\" id=\"field_klt4e\" name=\"item_meta[10]\" value=\"\"  data-reqmsg=\"Correu electr\u00f2nic no pot estar en blanc.\" aria-required=\"true\" data-invmsg=\"Correu electr\u00f2nic no \u00e9s v\u00e0lid\" aria-invalid=\"false\"  \/>\r\n\t\r\n\t\r\n<\/div>\n<div id=\"frm_field_11_container\" class=\"frm_form_field form-field  frm_top_container frm12 frm_first\">\r\n\t<label for=\"field_qjtgu\" id=\"field_qjtgu_label\" class=\"frm_primary_label\">Comentaris\r\n\t\t<span class=\"frm_required\" aria-hidden=\"true\"><\/span>\r\n\t<\/label>\r\n\t<textarea name=\"item_meta[11]\" id=\"field_qjtgu\" rows=\"5\"  data-invmsg=\"Comentaris is invalid\" aria-invalid=\"false\"  ><\/textarea>\r\n\t\r\n\t\r\n<\/div>\n<div id=\"frm_field_6_container\" class=\"frm_form_field form-field \">\r\n\t<div class=\"frm_submit frm_flex\">\r\n<button class=\"frm_button_submit frm_final_submit\" type=\"submit\"   formnovalidate=\"formnovalidate\">Enviar<\/button>\r\n\r\n\r\n\r\n<\/div>\r\n<\/div>\n\t<input type=\"hidden\" name=\"item_key\" value=\"\" \/>\n\t\t\t<div id=\"frm_field_13_container\">\n\t\t\t<label for=\"field_hpx8j\" >\n\t\t\t\tIf you are human, leave this field blank.\t\t\t<\/label>\n\t\t\t<input  id=\"field_hpx8j\" type=\"text\" class=\"frm_form_field form-field frm_verify\" name=\"item_meta[13]\" value=\"\"  \/>\n\t\t<\/div>\n\t\t<input name=\"frm_state\" type=\"hidden\" value=\"NccainsfYYeJZEzW04YqS4Jp5dao2tFAtao6+1PKR34qKEFpNl\/eywQIyxKopRT5\" \/><\/div>\n<\/fieldset>\n<\/div>\n\n<p style=\"display: none !important;\" class=\"akismet-fields-container\" data-prefix=\"ak_\"><label>&#916;<textarea name=\"ak_hp_textarea\" cols=\"45\" rows=\"8\" maxlength=\"100\"><\/textarea><\/label><input type=\"hidden\" id=\"ak_js_1\" name=\"ak_js\" value=\"220\"\/><script>document.getElementById( \"ak_js_1\" ).setAttribute( \"value\", ( new Date() ).getTime() );<\/script><\/p><\/form>\n<\/div>\n\t\t\t\t<\/div>\n\t\t\t\t<\/div>\n\t\t<div class=\"elementor-element elementor-element-5d10658 e-con-full e-flex e-con e-child\" data-id=\"5d10658\" data-element_type=\"container\" data-e-type=\"container\">\n\t\t\t\t<div class=\"elementor-element elementor-element-76ba549 elementor-widget elementor-widget-google_maps\" data-id=\"76ba549\" data-element_type=\"widget\" data-e-type=\"widget\" data-widget_type=\"google_maps.default\">\n\t\t\t\t\t\t\t<div class=\"elementor-custom-embed\">\n\t\t\t<iframe loading=\"lazy\"\n\t\t\t\t\tsrc=\"https:\/\/maps.google.com\/maps?q=Numancia%20n%C2%BA%2085-87%2C%20Bajos%201%C2%BAA%2008029%20Barcelona%20%28Espa%C3%B1a%29&#038;t=m&#038;z=13&#038;output=embed&#038;iwloc=near\"\n\t\t\t\t\ttitle=\"Numancia n\u00ba 85-87, Bajos 1\u00baA 08029 Barcelona (Espa\u00f1a)\"\n\t\t\t\t\taria-label=\"Numancia n\u00ba 85-87, Bajos 1\u00baA 08029 Barcelona (Espa\u00f1a)\"\n\t\t\t><\/iframe>\n\t\t<\/div>\n\t\t\t\t\t\t<\/div>\n\t\t\t\t<\/div>\n\t\t\t\t\t<\/div>\n\t\t\t\t<\/div>\n\t\t\t\t<\/div>\n\t\t","protected":false},"excerpt":{"rendered":"<p>Busqueu un prove?dor de confian?a per al vostre establiment?Som aqu? per ajudar-vos. Escriviu-nos i comen?arem a treballar plegats. Expliqueu-nos qu? necessiteu i el nostre equip us assessorar? de manera personalitzada per oferir-vos la millor soluci? en alimentaci? professional.<\/p>\n","protected":false},"author":1,"featured_media":0,"parent":0,"menu_order":0,"comment_status":"closed","ping_status":"closed","template":"elementor_header_footer","meta":{"footnotes":""},"class_list":["post-219","page","type-page","status-publish","hentry"],"yoast_head":"<!-- This site is optimized with the Yoast SEO plugin v27.0 - https:\/\/yoast.com\/product\/yoast-seo-wordpress\/ -->\n<title>Contacte - Marcid Business<\/title>\n<meta name=\"description\" content=\"\" \/>\n<meta name=\"robots\" content=\"index, follow, max-snippet:-1, max-image-preview:large, max-video-preview:-1\" \/>\n<link rel=\"canonical\" href=\"https:\/\/www.marcidbusiness.com\/ca\/contacte\/\" \/>\n<meta property=\"og:locale\" content=\"ca_ES\" \/>\n<meta property=\"og:type\" content=\"article\" \/>\n<meta property=\"og:title\" content=\"Contacte - Marcid Business\" \/>\n<meta property=\"og:description\" content=\"\" \/>\n<meta property=\"og:url\" content=\"https:\/\/www.marcidbusiness.com\/ca\/contacte\/\" \/>\n<meta property=\"og:site_name\" content=\"Marcid Business\" \/>\n<meta property=\"article:modified_time\" content=\"2026-02-27T15:11:44+00:00\" \/>\n<meta name=\"twitter:card\" content=\"summary_large_image\" \/>\n<script type=\"application\/ld+json\" class=\"yoast-schema-graph\">{\"@context\":\"https:\/\/schema.org\",\"@graph\":[{\"@type\":\"WebPage\",\"@id\":\"https:\/\/www.marcidbusiness.com\/ca\/contacte\/\",\"url\":\"https:\/\/www.marcidbusiness.com\/ca\/contacte\/\",\"name\":\"Contacte - Marcid Business\",\"isPartOf\":{\"@id\":\"https:\/\/www.marcidbusiness.com\/ca\/#website\"},\"datePublished\":\"2026-02-11T08:59:09+00:00\",\"dateModified\":\"2026-02-27T15:11:44+00:00\",\"description\":\"Expliqueu-nos qu? necessiteu i el nostre equip us assessorar? de manera personalitzada per oferir-vos la millor soluci? en alimentaci? professional.\",\"breadcrumb\":{\"@id\":\"https:\/\/www.marcidbusiness.com\/ca\/contacte\/#breadcrumb\"},\"inLanguage\":\"ca\",\"potentialAction\":[{\"@type\":\"ReadAction\",\"target\":[\"https:\/\/www.marcidbusiness.com\/ca\/contacte\/\"]}]},{\"@type\":\"BreadcrumbList\",\"@id\":\"https:\/\/www.marcidbusiness.com\/ca\/contacte\/#breadcrumb\",\"itemListElement\":[{\"@type\":\"ListItem\",\"position\":1,\"name\":\"Inici\",\"item\":\"https:\/\/www.marcidbusiness.com\/ca\/inici\/\"},{\"@type\":\"ListItem\",\"position\":2,\"name\":\"Contacte\"}]},{\"@type\":\"WebSite\",\"@id\":\"https:\/\/www.marcidbusiness.com\/ca\/#website\",\"url\":\"https:\/\/www.marcidbusiness.com\/ca\/\",\"name\":\"Marcid Business\",\"description\":\"Soluciones para la industria alimentaria\",\"publisher\":{\"@id\":\"https:\/\/www.marcidbusiness.com\/ca\/#organization\"},\"potentialAction\":[{\"@type\":\"SearchAction\",\"target\":{\"@type\":\"EntryPoint\",\"urlTemplate\":\"https:\/\/www.marcidbusiness.com\/ca\/?s={search_term_string}\"},\"query-input\":{\"@type\":\"PropertyValueSpecification\",\"valueRequired\":true,\"valueName\":\"search_term_string\"}}],\"inLanguage\":\"ca\"},{\"@type\":\"Organization\",\"@id\":\"https:\/\/www.marcidbusiness.com\/ca\/#organization\",\"name\":\"Marcid Business\",\"url\":\"https:\/\/www.marcidbusiness.com\/ca\/\",\"logo\":{\"@type\":\"ImageObject\",\"inLanguage\":\"ca\",\"@id\":\"https:\/\/www.marcidbusiness.com\/ca\/#\/schema\/logo\/image\/\",\"url\":\"https:\/\/www.marcidbusiness.com\/wp-content\/uploads\/2026\/02\/logo-marcid.svg\",\"contentUrl\":\"https:\/\/www.marcidbusiness.com\/wp-content\/uploads\/2026\/02\/logo-marcid.svg\",\"width\":267,\"height\":141,\"caption\":\"Marcid Business\"},\"image\":{\"@id\":\"https:\/\/www.marcidbusiness.com\/ca\/#\/schema\/logo\/image\/\"}}]}<\/script>\n<!-- \/ Yoast SEO plugin. -->","yoast_head_json":{"title":"Contacte - Marcid Business","description":"Expliqueu-nos qu? necessiteu i el nostre equip us assessorar? de manera personalitzada per oferir-vos la millor soluci? en alimentaci? professional.","robots":{"index":"index","follow":"follow","max-snippet":"max-snippet:-1","max-image-preview":"max-image-preview:large","max-video-preview":"max-video-preview:-1"},"canonical":"https:\/\/www.marcidbusiness.com\/ca\/contacte\/","og_locale":"ca_ES","og_type":"article","og_title":"Contacte - Marcid Business","og_description":"Expliqueu-nos qu? necessiteu i el nostre equip us assessorar? de manera personalitzada per oferir-vos la millor soluci? en alimentaci? professional.","og_url":"https:\/\/www.marcidbusiness.com\/ca\/contacte\/","og_site_name":"Marcid Business","article_modified_time":"2026-02-27T15:11:44+00:00","twitter_card":"summary_large_image","schema":{"@context":"https:\/\/schema.org","@graph":[{"@type":"WebPage","@id":"https:\/\/www.marcidbusiness.com\/ca\/contacte\/","url":"https:\/\/www.marcidbusiness.com\/ca\/contacte\/","name":"Contacte - Marcid Business","isPartOf":{"@id":"https:\/\/www.marcidbusiness.com\/ca\/#website"},"datePublished":"2026-02-11T08:59:09+00:00","dateModified":"2026-02-27T15:11:44+00:00","description":"Expliqueu-nos qu? necessiteu i el nostre equip us assessorar? de manera personalitzada per oferir-vos la millor soluci? en alimentaci? professional.","breadcrumb":{"@id":"https:\/\/www.marcidbusiness.com\/ca\/contacte\/#breadcrumb"},"inLanguage":"ca","potentialAction":[{"@type":"ReadAction","target":["https:\/\/www.marcidbusiness.com\/ca\/contacte\/"]}]},{"@type":"BreadcrumbList","@id":"https:\/\/www.marcidbusiness.com\/ca\/contacte\/#breadcrumb","itemListElement":[{"@type":"ListItem","position":1,"name":"Inici","item":"https:\/\/www.marcidbusiness.com\/ca\/inici\/"},{"@type":"ListItem","position":2,"name":"Contacte"}]},{"@type":"WebSite","@id":"https:\/\/www.marcidbusiness.com\/ca\/#website","url":"https:\/\/www.marcidbusiness.com\/ca\/","name":"Marcid Business","description":"Soluciones para la industria alimentaria","publisher":{"@id":"https:\/\/www.marcidbusiness.com\/ca\/#organization"},"potentialAction":[{"@type":"SearchAction","target":{"@type":"EntryPoint","urlTemplate":"https:\/\/www.marcidbusiness.com\/ca\/?s={search_term_string}"},"query-input":{"@type":"PropertyValueSpecification","valueRequired":true,"valueName":"search_term_string"}}],"inLanguage":"ca"},{"@type":"Organization","@id":"https:\/\/www.marcidbusiness.com\/ca\/#organization","name":"Marcid Business","url":"https:\/\/www.marcidbusiness.com\/ca\/","logo":{"@type":"ImageObject","inLanguage":"ca","@id":"https:\/\/www.marcidbusiness.com\/ca\/#\/schema\/logo\/image\/","url":"https:\/\/www.marcidbusiness.com\/wp-content\/uploads\/2026\/02\/logo-marcid.svg","contentUrl":"https:\/\/www.marcidbusiness.com\/wp-content\/uploads\/2026\/02\/logo-marcid.svg","width":267,"height":141,"caption":"Marcid Business"},"image":{"@id":"https:\/\/www.marcidbusiness.com\/ca\/#\/schema\/logo\/image\/"}}]}},"_links":{"self":[{"href":"https:\/\/www.marcidbusiness.com\/ca\/wp-json\/wp\/v2\/pages\/219","targetHints":{"allow":["GET"]}}],"collection":[{"href":"https:\/\/www.marcidbusiness.com\/ca\/wp-json\/wp\/v2\/pages"}],"about":[{"href":"https:\/\/www.marcidbusiness.com\/ca\/wp-json\/wp\/v2\/types\/page"}],"author":[{"embeddable":true,"href":"https:\/\/www.marcidbusiness.com\/ca\/wp-json\/wp\/v2\/users\/1"}],"replies":[{"embeddable":true,"href":"https:\/\/www.marcidbusiness.com\/ca\/wp-json\/wp\/v2\/comments?post=219"}],"version-history":[{"count":3,"href":"https:\/\/www.marcidbusiness.com\/ca\/wp-json\/wp\/v2\/pages\/219\/revisions"}],"predecessor-version":[{"id":303,"href":"https:\/\/www.marcidbusiness.com\/ca\/wp-json\/wp\/v2\/pages\/219\/revisions\/303"}],"wp:attachment":[{"href":"https:\/\/www.marcidbusiness.com\/ca\/wp-json\/wp\/v2\/media?parent=219"}],"curies":[{"name":"wp","href":"https:\/\/api.w.org\/{rel}","templated":true}]}}