{"id":217,"date":"2026-02-12T10:15:11","date_gmt":"2026-02-12T10:15:11","guid":{"rendered":"https:\/\/www.marcidbusiness.com\/index.php\/empresa\/"},"modified":"2026-02-27T15:12:29","modified_gmt":"2026-02-27T15:12:29","slug":"empresa","status":"publish","type":"page","link":"https:\/\/www.marcidbusiness.com\/ca\/empresa\/","title":{"rendered":"Empresa"},"content":{"rendered":"\t\t<div data-elementor-type=\"wp-page\" data-elementor-id=\"217\" class=\"elementor elementor-217 elementor-16\" data-elementor-post-type=\"page\">\n\t\t\t\t<div class=\"elementor-element elementor-element-37a6865 e-flex e-con-boxed e-con e-parent\" data-id=\"37a6865\" data-element_type=\"container\" data-e-type=\"container\" data-settings=\"{&quot;background_background&quot;:&quot;classic&quot;}\">\n\t\t\t\t\t<div class=\"e-con-inner\">\n\t\t\t\t<div class=\"elementor-element elementor-element-186188b elementor-widget elementor-widget-heading\" data-id=\"186188b\" data-element_type=\"widget\" data-e-type=\"widget\" data-widget_type=\"heading.default\">\n\t\t\t\t\t<h1 class=\"elementor-heading-title elementor-size-default\">Empresa<\/h1>\t\t\t\t<\/div>\n\t\t\t\t<div class=\"elementor-element elementor-element-1c99f37 elementor-widget elementor-widget-text-editor\" data-id=\"1c99f37\" data-element_type=\"widget\" data-e-type=\"widget\" data-widget_type=\"text-editor.default\">\n\t\t\t\t\t\t\t\t\t<p>Som una empresa especialitzada a oferir solucions integrals per a hotels, restaurants i col\u00b7lectivitats que cerquen qualitat, efici\u00e8ncia i diferenciaci\u00f3.<\/p>\t\t\t\t\t\t\t\t<\/div>\n\t\t\t\t\t<\/div>\n\t\t\t\t<\/div>\n\t\t<div class=\"elementor-element elementor-element-2a9826a e-flex e-con-boxed e-con e-parent\" data-id=\"2a9826a\" data-element_type=\"container\" data-e-type=\"container\">\n\t\t\t\t\t<div class=\"e-con-inner\">\n\t\t<div class=\"elementor-element elementor-element-dd9250f e-con-full e-flex e-con e-child\" data-id=\"dd9250f\" data-element_type=\"container\" data-e-type=\"container\">\n\t\t\t\t<div class=\"elementor-element elementor-element-bc465fb elementor-widget elementor-widget-image\" data-id=\"bc465fb\" data-element_type=\"widget\" data-e-type=\"widget\" data-widget_type=\"image.default\">\n\t\t\t\t\t\t\t\t\t\t\t\t\t\t\t<img decoding=\"async\" src=\"https:\/\/www.marcidbusiness.com\/wp-content\/uploads\/elementor\/thumbs\/marcid-03-rjrsesan7fa1cc14eoay9xbzx2ya6nr04q6vaf0ak0.jpg\" title=\"marcid-03\" alt=\"marcid-03\" loading=\"lazy\" \/>\t\t\t\t\t\t\t\t\t\t\t\t\t\t\t<\/div>\n\t\t\t\t<\/div>\n\t\t<div class=\"elementor-element elementor-element-b17ff5f e-con-full e-flex e-con e-child\" data-id=\"b17ff5f\" data-element_type=\"container\" data-e-type=\"container\">\n\t\t\t\t<div class=\"elementor-element elementor-element-ea7d9ce elementor-widget elementor-widget-heading\" data-id=\"ea7d9ce\" data-element_type=\"widget\" data-e-type=\"widget\" data-widget_type=\"heading.default\">\n\t\t\t\t\t<h2 class=\"elementor-heading-title elementor-size-default\">En un sector tan exigent com l'Horeca, l'excel\u00b7l\u00e8ncia no \u00e9s una opci\u00f3, \u00e9s una necessitat. <\/h2>\t\t\t\t<\/div>\n\t\t\t\t<div class=\"elementor-element elementor-element-66a5fde elementor-widget elementor-widget-text-editor\" data-id=\"66a5fde\" data-element_type=\"widget\" data-e-type=\"widget\" data-widget_type=\"text-editor.default\">\n\t\t\t\t\t\t\t\t\t<p>Treballem cada dia per aportar valor real als nostres clients, combinant experi\u00e8ncia, coneixement t\u00e8cnic i una clara orientaci\u00f3 al servei. Entenem el ritme i les necessitats del sector: optimitzaci\u00f3 de costos, agilitat operativa, durabilitat dels productes i una imatge impecable de cara al client final.<\/p><p>Col\u00b7laborem amb professionals que entenen que cada detall compta: des de la cuina fins a la sala, des de l&#8217;experi\u00e8ncia de l&#8217;hoste fins a l&#8217;efici\u00e8ncia de l&#8217;equip de treball.<\/p><p>Perqu\u00e8 en Horeca no es tracta nom\u00e9s de servir, sin\u00f3 de crear experi\u00e8ncies memorables. I aqu\u00ed \u00e9s on marquem la difer\u00e8ncia.<\/p>\t\t\t\t\t\t\t\t<\/div>\n\t\t\t\t<div class=\"elementor-element elementor-element-26a0460 elementor-widget elementor-widget-button\" data-id=\"26a0460\" data-element_type=\"widget\" data-e-type=\"widget\" data-widget_type=\"button.default\">\n\t\t\t\t\t\t\t\t\t\t<a class=\"elementor-button elementor-button-link elementor-size-sm\" href=\"https:\/\/www.marcidbusiness.com\/ca\/contacte\/\">\n\t\t\t\t\t\t<span class=\"elementor-button-content-wrapper\">\n\t\t\t\t\t\t\t\t\t<span class=\"elementor-button-text\">Contacta amb nosaltres<\/span>\n\t\t\t\t\t<\/span>\n\t\t\t\t\t<\/a>\n\t\t\t\t\t\t\t\t<\/div>\n\t\t\t\t<\/div>\n\t\t\t\t\t<\/div>\n\t\t\t\t<\/div>\n\t\t\t\t<\/div>\n\t\t","protected":false},"excerpt":{"rendered":"<p>Som una empresa especialitzada a oferir solucions integrals per a hotels, restaurants i col?lectivitats que cerquen qualitat, efici?ncia i diferenciaci?. En un sector tan exigent com l&#8217;Horeca, l&#8217;excel?l?ncia no ?s una opci?, ?s una necessitat. Treballem cada dia per aportar valor real als nostres clients, combinant experi?ncia, coneixement t?cnic i una clara orientaci? al servei. [&hellip;]<\/p>\n","protected":false},"author":1,"featured_media":0,"parent":0,"menu_order":0,"comment_status":"closed","ping_status":"closed","template":"elementor_header_footer","meta":{"footnotes":""},"class_list":["post-217","page","type-page","status-publish","hentry"],"yoast_head":"<!-- This site is optimized with the Yoast SEO plugin v27.0 - https:\/\/yoast.com\/product\/yoast-seo-wordpress\/ -->\n<title>Empresa - Marcid Business<\/title>\n<meta name=\"description\" content=\"\" \/>\n<meta name=\"robots\" content=\"index, follow, max-snippet:-1, max-image-preview:large, max-video-preview:-1\" \/>\n<link rel=\"canonical\" href=\"https:\/\/www.marcidbusiness.com\/ca\/empresa\/\" \/>\n<meta property=\"og:locale\" content=\"ca_ES\" \/>\n<meta property=\"og:type\" content=\"article\" \/>\n<meta property=\"og:title\" content=\"Empresa - Marcid Business\" \/>\n<meta property=\"og:description\" content=\"\" \/>\n<meta property=\"og:url\" content=\"https:\/\/www.marcidbusiness.com\/ca\/empresa\/\" \/>\n<meta property=\"og:site_name\" content=\"Marcid Business\" \/>\n<meta property=\"article:modified_time\" content=\"2026-02-27T15:12:29+00:00\" \/>\n<meta property=\"og:image\" content=\"https:\/\/www.marcidbusiness.com\/wp-content\/uploads\/elementor\/thumbs\/marcid-03-rjrsesan7fa1cc14eoay9xbzx2ya6nr04q6vaf0ak0.jpg\" \/>\n<meta name=\"twitter:card\" content=\"summary_large_image\" \/>\n<meta name=\"twitter:label1\" content=\"Temps estimat de lectura\" \/>\n\t<meta name=\"twitter:data1\" content=\"1 minut\" \/>\n<script type=\"application\/ld+json\" class=\"yoast-schema-graph\">{\"@context\":\"https:\/\/schema.org\",\"@graph\":[{\"@type\":\"WebPage\",\"@id\":\"https:\/\/www.marcidbusiness.com\/ca\/empresa\/\",\"url\":\"https:\/\/www.marcidbusiness.com\/ca\/empresa\/\",\"name\":\"Empresa - Marcid Business\",\"isPartOf\":{\"@id\":\"https:\/\/www.marcidbusiness.com\/ca\/#website\"},\"primaryImageOfPage\":{\"@id\":\"https:\/\/www.marcidbusiness.com\/ca\/empresa\/#primaryimage\"},\"image\":{\"@id\":\"https:\/\/www.marcidbusiness.com\/ca\/empresa\/#primaryimage\"},\"thumbnailUrl\":\"https:\/\/www.marcidbusiness.com\/wp-content\/uploads\/elementor\/thumbs\/marcid-03-rjrsesan7fa1cc14eoay9xbzx2ya6nr04q6vaf0ak0.jpg\",\"datePublished\":\"2026-02-12T10:15:11+00:00\",\"dateModified\":\"2026-02-27T15:12:29+00:00\",\"description\":\"Som una empresa especialitzada en oferir solucions integrals per a hotels, restaurants i col?lectivitats.\",\"breadcrumb\":{\"@id\":\"https:\/\/www.marcidbusiness.com\/ca\/empresa\/#breadcrumb\"},\"inLanguage\":\"ca\",\"potentialAction\":[{\"@type\":\"ReadAction\",\"target\":[\"https:\/\/www.marcidbusiness.com\/ca\/empresa\/\"]}]},{\"@type\":\"ImageObject\",\"inLanguage\":\"ca\",\"@id\":\"https:\/\/www.marcidbusiness.com\/ca\/empresa\/#primaryimage\",\"url\":\"https:\/\/www.marcidbusiness.com\/wp-content\/uploads\/elementor\/thumbs\/marcid-03-rjrsesan7fa1cc14eoay9xbzx2ya6nr04q6vaf0ak0.jpg\",\"contentUrl\":\"https:\/\/www.marcidbusiness.com\/wp-content\/uploads\/elementor\/thumbs\/marcid-03-rjrsesan7fa1cc14eoay9xbzx2ya6nr04q6vaf0ak0.jpg\"},{\"@type\":\"BreadcrumbList\",\"@id\":\"https:\/\/www.marcidbusiness.com\/ca\/empresa\/#breadcrumb\",\"itemListElement\":[{\"@type\":\"ListItem\",\"position\":1,\"name\":\"Inici\",\"item\":\"https:\/\/www.marcidbusiness.com\/ca\/inici\/\"},{\"@type\":\"ListItem\",\"position\":2,\"name\":\"Empresa\"}]},{\"@type\":\"WebSite\",\"@id\":\"https:\/\/www.marcidbusiness.com\/ca\/#website\",\"url\":\"https:\/\/www.marcidbusiness.com\/ca\/\",\"name\":\"Marcid Business\",\"description\":\"Soluciones para la industria alimentaria\",\"publisher\":{\"@id\":\"https:\/\/www.marcidbusiness.com\/ca\/#organization\"},\"potentialAction\":[{\"@type\":\"SearchAction\",\"target\":{\"@type\":\"EntryPoint\",\"urlTemplate\":\"https:\/\/www.marcidbusiness.com\/ca\/?s={search_term_string}\"},\"query-input\":{\"@type\":\"PropertyValueSpecification\",\"valueRequired\":true,\"valueName\":\"search_term_string\"}}],\"inLanguage\":\"ca\"},{\"@type\":\"Organization\",\"@id\":\"https:\/\/www.marcidbusiness.com\/ca\/#organization\",\"name\":\"Marcid Business\",\"url\":\"https:\/\/www.marcidbusiness.com\/ca\/\",\"logo\":{\"@type\":\"ImageObject\",\"inLanguage\":\"ca\",\"@id\":\"https:\/\/www.marcidbusiness.com\/ca\/#\/schema\/logo\/image\/\",\"url\":\"https:\/\/www.marcidbusiness.com\/wp-content\/uploads\/2026\/02\/logo-marcid.svg\",\"contentUrl\":\"https:\/\/www.marcidbusiness.com\/wp-content\/uploads\/2026\/02\/logo-marcid.svg\",\"width\":267,\"height\":141,\"caption\":\"Marcid Business\"},\"image\":{\"@id\":\"https:\/\/www.marcidbusiness.com\/ca\/#\/schema\/logo\/image\/\"}}]}<\/script>\n<!-- \/ Yoast SEO plugin. -->","yoast_head_json":{"title":"Empresa - Marcid Business","description":"Som una empresa especialitzada en oferir solucions integrals per a hotels, restaurants i col?lectivitats.","robots":{"index":"index","follow":"follow","max-snippet":"max-snippet:-1","max-image-preview":"max-image-preview:large","max-video-preview":"max-video-preview:-1"},"canonical":"https:\/\/www.marcidbusiness.com\/ca\/empresa\/","og_locale":"ca_ES","og_type":"article","og_title":"Empresa - Marcid Business","og_description":"Som una empresa especialitzada en oferir solucions integrals per a hotels, restaurants i col?lectivitats.","og_url":"https:\/\/www.marcidbusiness.com\/ca\/empresa\/","og_site_name":"Marcid Business","article_modified_time":"2026-02-27T15:12:29+00:00","og_image":[{"url":"https:\/\/www.marcidbusiness.com\/wp-content\/uploads\/elementor\/thumbs\/marcid-03-rjrsesan7fa1cc14eoay9xbzx2ya6nr04q6vaf0ak0.jpg","type":"","width":"","height":""}],"twitter_card":"summary_large_image","twitter_misc":{"Temps estimat de lectura":"1 minut"},"schema":{"@context":"https:\/\/schema.org","@graph":[{"@type":"WebPage","@id":"https:\/\/www.marcidbusiness.com\/ca\/empresa\/","url":"https:\/\/www.marcidbusiness.com\/ca\/empresa\/","name":"Empresa - Marcid Business","isPartOf":{"@id":"https:\/\/www.marcidbusiness.com\/ca\/#website"},"primaryImageOfPage":{"@id":"https:\/\/www.marcidbusiness.com\/ca\/empresa\/#primaryimage"},"image":{"@id":"https:\/\/www.marcidbusiness.com\/ca\/empresa\/#primaryimage"},"thumbnailUrl":"https:\/\/www.marcidbusiness.com\/wp-content\/uploads\/elementor\/thumbs\/marcid-03-rjrsesan7fa1cc14eoay9xbzx2ya6nr04q6vaf0ak0.jpg","datePublished":"2026-02-12T10:15:11+00:00","dateModified":"2026-02-27T15:12:29+00:00","description":"Som una empresa especialitzada en oferir solucions integrals per a hotels, restaurants i col?lectivitats.","breadcrumb":{"@id":"https:\/\/www.marcidbusiness.com\/ca\/empresa\/#breadcrumb"},"inLanguage":"ca","potentialAction":[{"@type":"ReadAction","target":["https:\/\/www.marcidbusiness.com\/ca\/empresa\/"]}]},{"@type":"ImageObject","inLanguage":"ca","@id":"https:\/\/www.marcidbusiness.com\/ca\/empresa\/#primaryimage","url":"https:\/\/www.marcidbusiness.com\/wp-content\/uploads\/elementor\/thumbs\/marcid-03-rjrsesan7fa1cc14eoay9xbzx2ya6nr04q6vaf0ak0.jpg","contentUrl":"https:\/\/www.marcidbusiness.com\/wp-content\/uploads\/elementor\/thumbs\/marcid-03-rjrsesan7fa1cc14eoay9xbzx2ya6nr04q6vaf0ak0.jpg"},{"@type":"BreadcrumbList","@id":"https:\/\/www.marcidbusiness.com\/ca\/empresa\/#breadcrumb","itemListElement":[{"@type":"ListItem","position":1,"name":"Inici","item":"https:\/\/www.marcidbusiness.com\/ca\/inici\/"},{"@type":"ListItem","position":2,"name":"Empresa"}]},{"@type":"WebSite","@id":"https:\/\/www.marcidbusiness.com\/ca\/#website","url":"https:\/\/www.marcidbusiness.com\/ca\/","name":"Marcid Business","description":"Soluciones para la industria alimentaria","publisher":{"@id":"https:\/\/www.marcidbusiness.com\/ca\/#organization"},"potentialAction":[{"@type":"SearchAction","target":{"@type":"EntryPoint","urlTemplate":"https:\/\/www.marcidbusiness.com\/ca\/?s={search_term_string}"},"query-input":{"@type":"PropertyValueSpecification","valueRequired":true,"valueName":"search_term_string"}}],"inLanguage":"ca"},{"@type":"Organization","@id":"https:\/\/www.marcidbusiness.com\/ca\/#organization","name":"Marcid Business","url":"https:\/\/www.marcidbusiness.com\/ca\/","logo":{"@type":"ImageObject","inLanguage":"ca","@id":"https:\/\/www.marcidbusiness.com\/ca\/#\/schema\/logo\/image\/","url":"https:\/\/www.marcidbusiness.com\/wp-content\/uploads\/2026\/02\/logo-marcid.svg","contentUrl":"https:\/\/www.marcidbusiness.com\/wp-content\/uploads\/2026\/02\/logo-marcid.svg","width":267,"height":141,"caption":"Marcid Business"},"image":{"@id":"https:\/\/www.marcidbusiness.com\/ca\/#\/schema\/logo\/image\/"}}]}},"_links":{"self":[{"href":"https:\/\/www.marcidbusiness.com\/ca\/wp-json\/wp\/v2\/pages\/217","targetHints":{"allow":["GET"]}}],"collection":[{"href":"https:\/\/www.marcidbusiness.com\/ca\/wp-json\/wp\/v2\/pages"}],"about":[{"href":"https:\/\/www.marcidbusiness.com\/ca\/wp-json\/wp\/v2\/types\/page"}],"author":[{"embeddable":true,"href":"https:\/\/www.marcidbusiness.com\/ca\/wp-json\/wp\/v2\/users\/1"}],"replies":[{"embeddable":true,"href":"https:\/\/www.marcidbusiness.com\/ca\/wp-json\/wp\/v2\/comments?post=217"}],"version-history":[{"count":2,"href":"https:\/\/www.marcidbusiness.com\/ca\/wp-json\/wp\/v2\/pages\/217\/revisions"}],"predecessor-version":[{"id":304,"href":"https:\/\/www.marcidbusiness.com\/ca\/wp-json\/wp\/v2\/pages\/217\/revisions\/304"}],"wp:attachment":[{"href":"https:\/\/www.marcidbusiness.com\/ca\/wp-json\/wp\/v2\/media?parent=217"}],"curies":[{"name":"wp","href":"https:\/\/api.w.org\/{rel}","templated":true}]}}