{"id":214,"date":"2026-02-11T08:34:43","date_gmt":"2026-02-11T08:34:43","guid":{"rendered":"https:\/\/www.marcidbusiness.com\/index.php\/serveis\/"},"modified":"2026-03-04T10:36:08","modified_gmt":"2026-03-04T10:36:08","slug":"serveis","status":"publish","type":"page","link":"https:\/\/www.marcidbusiness.com\/ca\/serveis\/","title":{"rendered":"Serveis"},"content":{"rendered":"\t\t<div data-elementor-type=\"wp-page\" data-elementor-id=\"214\" class=\"elementor elementor-214 elementor-12\" data-elementor-post-type=\"page\">\n\t\t\t\t<div class=\"elementor-element elementor-element-a46448b e-flex e-con-boxed e-con e-parent\" data-id=\"a46448b\" data-element_type=\"container\" data-e-type=\"container\" data-settings=\"{&quot;background_background&quot;:&quot;classic&quot;}\">\n\t\t\t\t\t<div class=\"e-con-inner\">\n\t\t\t\t<div class=\"elementor-element elementor-element-c579b55 elementor-widget elementor-widget-heading\" data-id=\"c579b55\" data-element_type=\"widget\" data-e-type=\"widget\" data-widget_type=\"heading.default\">\n\t\t\t\t\t<h1 class=\"elementor-heading-title elementor-size-default\">Serveis<\/h1>\t\t\t\t<\/div>\n\t\t\t\t<div class=\"elementor-element elementor-element-a5edbed elementor-widget elementor-widget-text-editor\" data-id=\"a5edbed\" data-element_type=\"widget\" data-e-type=\"widget\" data-widget_type=\"text-editor.default\">\n\t\t\t\t\t\t\t\t\t<p>Treballem cada dia per aportar valor real als nostres clients, combinant experi\u00e8ncia, coneixement t\u00e8cnic i una clara orientaci\u00f3 al servei.<\/p>\t\t\t\t\t\t\t\t<\/div>\n\t\t\t\t\t<\/div>\n\t\t\t\t<\/div>\n\t\t<div class=\"elementor-element elementor-element-2946686 e-flex e-con-boxed e-con e-parent\" data-id=\"2946686\" data-element_type=\"container\" data-e-type=\"container\">\n\t\t\t\t\t<div class=\"e-con-inner\">\n\t\t<div class=\"elementor-element elementor-element-62ea90e e-con-full e-flex e-con e-child\" data-id=\"62ea90e\" data-element_type=\"container\" data-e-type=\"container\">\n\t\t<div class=\"elementor-element elementor-element-f5adfcb e-con-full e-flex e-con e-child\" data-id=\"f5adfcb\" data-element_type=\"container\" data-e-type=\"container\">\n\t\t\t\t<div class=\"elementor-element elementor-element-eb3e4f8 elementor-widget elementor-widget-image\" data-id=\"eb3e4f8\" data-element_type=\"widget\" data-e-type=\"widget\" data-widget_type=\"image.default\">\n\t\t\t\t\t\t\t\t\t\t\t\t\t\t\t<img decoding=\"async\" src=\"https:\/\/www.marcidbusiness.com\/wp-content\/uploads\/elementor\/thumbs\/marcid-04-rjrsesalzki66x7obu48oybn9l6ussiguf3j5z21kg.jpg\" title=\"marcid-04\" alt=\"marcid-04\" loading=\"lazy\" \/>\t\t\t\t\t\t\t\t\t\t\t\t\t\t\t<\/div>\n\t\t\t\t<div class=\"elementor-element elementor-element-484e61d elementor-widget elementor-widget-heading\" data-id=\"484e61d\" data-element_type=\"widget\" data-e-type=\"widget\" data-widget_type=\"heading.default\">\n\t\t\t\t\t<h2 class=\"elementor-heading-title elementor-size-default\">Selecci\u00f3 de productes de qualitat<\/h2>\t\t\t\t<\/div>\n\t\t\t\t<div class=\"elementor-element elementor-element-e61edb0 elementor-widget elementor-widget-text-editor\" data-id=\"e61edb0\" data-element_type=\"widget\" data-e-type=\"widget\" data-widget_type=\"text-editor.default\">\n\t\t\t\t\t\t\t\t\tTreballem amb mat\u00e8ries primeres i productes alimentaris seleccionats per garantir sabor, frescor i regularitat en cada servei. El nostre cat\u00e0leg est\u00e0 pensat per respondre a les exig\u00e8ncies reals de cuines professionals.\t\t\t\t\t\t\t\t<\/div>\n\t\t\t\t<\/div>\n\t\t<div class=\"elementor-element elementor-element-8f1e599 e-con-full e-flex e-con e-child\" data-id=\"8f1e599\" data-element_type=\"container\" data-e-type=\"container\">\n\t\t\t\t<div class=\"elementor-element elementor-element-9cd2bbd elementor-widget elementor-widget-image\" data-id=\"9cd2bbd\" data-element_type=\"widget\" data-e-type=\"widget\" data-widget_type=\"image.default\">\n\t\t\t\t\t\t\t\t\t\t\t\t\t\t\t<img decoding=\"async\" src=\"https:\/\/www.marcidbusiness.com\/wp-content\/uploads\/elementor\/thumbs\/Supermercado-rjrsesalzki66x7obu48oybn9l6ussiguf3j5z21kg.jpg\" title=\"\" alt=\"\" loading=\"lazy\" \/>\t\t\t\t\t\t\t\t\t\t\t\t\t\t\t<\/div>\n\t\t\t\t<div class=\"elementor-element elementor-element-4d1b008 elementor-widget elementor-widget-heading\" data-id=\"4d1b008\" data-element_type=\"widget\" data-e-type=\"widget\" data-widget_type=\"heading.default\">\n\t\t\t\t\t<h2 class=\"elementor-heading-title elementor-size-default\">Subministrament \u00e0gil i eficient<\/h2>\t\t\t\t<\/div>\n\t\t\t\t<div class=\"elementor-element elementor-element-aa418bf elementor-widget elementor-widget-text-editor\" data-id=\"aa418bf\" data-element_type=\"widget\" data-e-type=\"widget\" data-widget_type=\"text-editor.default\">\n\t\t\t\t\t\t\t\t\t<p>Entenem el ritme del sector Horeca. Per aix\u00f2 oferim un servei log\u00edstic puntual, flexible i adaptat a les necessitats de cada establiment, assegurant disponibilitat i continu\u00eftat d&#8217;estoc.<\/p>\t\t\t\t\t\t\t\t<\/div>\n\t\t\t\t<\/div>\n\t\t<div class=\"elementor-element elementor-element-a735bf1 e-con-full e-flex e-con e-child\" data-id=\"a735bf1\" data-element_type=\"container\" data-e-type=\"container\">\n\t\t\t\t<div class=\"elementor-element elementor-element-9213919 elementor-widget elementor-widget-image\" data-id=\"9213919\" data-element_type=\"widget\" data-e-type=\"widget\" data-widget_type=\"image.default\">\n\t\t\t\t\t\t\t\t\t\t\t\t\t\t\t<img decoding=\"async\" src=\"https:\/\/www.marcidbusiness.com\/wp-content\/uploads\/elementor\/thumbs\/marcid-02-rjrsesalzki66x7obu48oybn9l6ussiguf3j5z21kg.jpg\" title=\"marcid-02\" alt=\"marcid-02\" loading=\"lazy\" \/>\t\t\t\t\t\t\t\t\t\t\t\t\t\t\t<\/div>\n\t\t\t\t<div class=\"elementor-element elementor-element-a675518 elementor-widget elementor-widget-heading\" data-id=\"a675518\" data-element_type=\"widget\" data-e-type=\"widget\" data-widget_type=\"heading.default\">\n\t\t\t\t\t<h2 class=\"elementor-heading-title elementor-size-default\">Productes adaptats al professional<\/h2>\t\t\t\t<\/div>\n\t\t\t\t<div class=\"elementor-element elementor-element-f5cf43c elementor-widget elementor-widget-text-editor\" data-id=\"f5cf43c\" data-element_type=\"widget\" data-e-type=\"widget\" data-widget_type=\"text-editor.default\">\n\t\t\t\t\t\t\t\t\t<p>Oferim formats, gammes i solucions dissenyades per optimitzar temps, reduir p\u00e8rdues i millorar la rendibilitat a la cuina. Des de productes b\u00e0sics fins a refer\u00e8ncies gourmet, sempre amb enfocament professional.<\/p>\t\t\t\t\t\t\t\t<\/div>\n\t\t\t\t<\/div>\n\t\t<div class=\"elementor-element elementor-element-d0069cf e-con-full e-flex e-con e-child\" data-id=\"d0069cf\" data-element_type=\"container\" data-e-type=\"container\">\n\t\t\t\t<div class=\"elementor-element elementor-element-7a6505b elementor-widget elementor-widget-image\" data-id=\"7a6505b\" data-element_type=\"widget\" data-e-type=\"widget\" data-widget_type=\"image.default\">\n\t\t\t\t\t\t\t\t\t\t\t\t\t\t\t<img decoding=\"async\" src=\"https:\/\/www.marcidbusiness.com\/wp-content\/uploads\/elementor\/thumbs\/marcid-01-rjrsesalzki66x7obu48oybn9l6ussiguf3j5z21kg.jpg\" title=\"marcid-01\" alt=\"marcid-01\" loading=\"lazy\" \/>\t\t\t\t\t\t\t\t\t\t\t\t\t\t\t<\/div>\n\t\t\t\t<div class=\"elementor-element elementor-element-193b852 elementor-widget elementor-widget-heading\" data-id=\"193b852\" data-element_type=\"widget\" data-e-type=\"widget\" data-widget_type=\"heading.default\">\n\t\t\t\t\t<h3 class=\"elementor-heading-title elementor-size-default\">Assessorament gastron\u00f2mic<\/h3>\t\t\t\t<\/div>\n\t\t\t\t<div class=\"elementor-element elementor-element-08611c9 elementor-widget elementor-widget-text-editor\" data-id=\"08611c9\" data-element_type=\"widget\" data-e-type=\"widget\" data-widget_type=\"text-editor.default\">\n\t\t\t\t\t\t\t\t\t<p>Acompanyem els nostres clients en l&#8217;elecci\u00f3 de productes i novetats que aportin valor a la seva carta. Analitzem tend\u00e8ncies, marges i propostes per ajudar-los a diferenciar-se i millorar la seva oferta.<\/p>\t\t\t\t\t\t\t\t<\/div>\n\t\t\t\t<\/div>\n\t\t\t\t<\/div>\n\t\t\t\t\t<\/div>\n\t\t\t\t<\/div>\n\t\t\t\t<\/div>\n\t\t","protected":false},"excerpt":{"rendered":"<p>Treballem cada dia per aportar valor real als nostres clients, combinant experi?ncia, coneixement t?cnic i una clara orientaci? al servei. Selecci? de productes de qualitat Treballem amb mat?ries primeres i productes alimentaris seleccionats per garantir sabor, frescor i regularitat en cada servei. El nostre cat?leg est? pensat per respondre a les exig?ncies reals de cuines [&hellip;]<\/p>\n","protected":false},"author":1,"featured_media":0,"parent":0,"menu_order":0,"comment_status":"closed","ping_status":"closed","template":"elementor_header_footer","meta":{"footnotes":""},"class_list":["post-214","page","type-page","status-publish","hentry"],"yoast_head":"<!-- This site is optimized with the Yoast SEO plugin v27.0 - https:\/\/yoast.com\/product\/yoast-seo-wordpress\/ -->\n<title>Serveis - Marcid Business<\/title>\n<meta name=\"description\" content=\"\" \/>\n<meta name=\"robots\" content=\"index, follow, max-snippet:-1, max-image-preview:large, max-video-preview:-1\" \/>\n<link rel=\"canonical\" href=\"https:\/\/www.marcidbusiness.com\/ca\/serveis\/\" \/>\n<meta property=\"og:locale\" content=\"ca_ES\" \/>\n<meta property=\"og:type\" content=\"article\" \/>\n<meta property=\"og:title\" content=\"Serveis - Marcid Business\" \/>\n<meta property=\"og:description\" content=\"\" \/>\n<meta property=\"og:url\" content=\"https:\/\/www.marcidbusiness.com\/ca\/serveis\/\" \/>\n<meta property=\"og:site_name\" content=\"Marcid Business\" \/>\n<meta property=\"article:modified_time\" content=\"2026-03-04T10:36:08+00:00\" \/>\n<meta property=\"og:image\" content=\"https:\/\/www.marcidbusiness.com\/wp-content\/uploads\/elementor\/thumbs\/marcid-04-rjrsesalzki66x7obu48oybn9l6ussiguf3j5z211u.jpg\" \/>\n<meta name=\"twitter:card\" content=\"summary_large_image\" \/>\n<meta name=\"twitter:label1\" content=\"Temps estimat de lectura\" \/>\n\t<meta name=\"twitter:data1\" content=\"1 minut\" \/>\n<script type=\"application\/ld+json\" class=\"yoast-schema-graph\">{\"@context\":\"https:\/\/schema.org\",\"@graph\":[{\"@type\":\"WebPage\",\"@id\":\"https:\/\/www.marcidbusiness.com\/ca\/serveis\/\",\"url\":\"https:\/\/www.marcidbusiness.com\/ca\/serveis\/\",\"name\":\"Serveis - Marcid Business\",\"isPartOf\":{\"@id\":\"https:\/\/www.marcidbusiness.com\/ca\/#website\"},\"primaryImageOfPage\":{\"@id\":\"https:\/\/www.marcidbusiness.com\/ca\/serveis\/#primaryimage\"},\"image\":{\"@id\":\"https:\/\/www.marcidbusiness.com\/ca\/serveis\/#primaryimage\"},\"thumbnailUrl\":\"https:\/\/www.marcidbusiness.com\/wp-content\/uploads\/elementor\/thumbs\/marcid-04-rjrsesalzki66x7obu48oybn9l6ussiguf3j5z211u.jpg\",\"datePublished\":\"2026-02-11T08:34:43+00:00\",\"dateModified\":\"2026-03-04T10:36:08+00:00\",\"description\":\"Selecci? de productes de qualitat. Subministrament ?gil i eficient. Productes adaptats al professional. Assessorament gastron?mic.\",\"breadcrumb\":{\"@id\":\"https:\/\/www.marcidbusiness.com\/ca\/serveis\/#breadcrumb\"},\"inLanguage\":\"ca\",\"potentialAction\":[{\"@type\":\"ReadAction\",\"target\":[\"https:\/\/www.marcidbusiness.com\/ca\/serveis\/\"]}]},{\"@type\":\"ImageObject\",\"inLanguage\":\"ca\",\"@id\":\"https:\/\/www.marcidbusiness.com\/ca\/serveis\/#primaryimage\",\"url\":\"https:\/\/www.marcidbusiness.com\/wp-content\/uploads\/elementor\/thumbs\/marcid-04-rjrsesalzki66x7obu48oybn9l6ussiguf3j5z211u.jpg\",\"contentUrl\":\"https:\/\/www.marcidbusiness.com\/wp-content\/uploads\/elementor\/thumbs\/marcid-04-rjrsesalzki66x7obu48oybn9l6ussiguf3j5z211u.jpg\"},{\"@type\":\"BreadcrumbList\",\"@id\":\"https:\/\/www.marcidbusiness.com\/ca\/serveis\/#breadcrumb\",\"itemListElement\":[{\"@type\":\"ListItem\",\"position\":1,\"name\":\"Inici\",\"item\":\"https:\/\/www.marcidbusiness.com\/ca\/inici\/\"},{\"@type\":\"ListItem\",\"position\":2,\"name\":\"Serveis\"}]},{\"@type\":\"WebSite\",\"@id\":\"https:\/\/www.marcidbusiness.com\/ca\/#website\",\"url\":\"https:\/\/www.marcidbusiness.com\/ca\/\",\"name\":\"Marcid Business\",\"description\":\"Soluciones para la industria alimentaria\",\"publisher\":{\"@id\":\"https:\/\/www.marcidbusiness.com\/ca\/#organization\"},\"potentialAction\":[{\"@type\":\"SearchAction\",\"target\":{\"@type\":\"EntryPoint\",\"urlTemplate\":\"https:\/\/www.marcidbusiness.com\/ca\/?s={search_term_string}\"},\"query-input\":{\"@type\":\"PropertyValueSpecification\",\"valueRequired\":true,\"valueName\":\"search_term_string\"}}],\"inLanguage\":\"ca\"},{\"@type\":\"Organization\",\"@id\":\"https:\/\/www.marcidbusiness.com\/ca\/#organization\",\"name\":\"Marcid Business\",\"url\":\"https:\/\/www.marcidbusiness.com\/ca\/\",\"logo\":{\"@type\":\"ImageObject\",\"inLanguage\":\"ca\",\"@id\":\"https:\/\/www.marcidbusiness.com\/ca\/#\/schema\/logo\/image\/\",\"url\":\"https:\/\/www.marcidbusiness.com\/wp-content\/uploads\/2026\/02\/logo-marcid.svg\",\"contentUrl\":\"https:\/\/www.marcidbusiness.com\/wp-content\/uploads\/2026\/02\/logo-marcid.svg\",\"width\":267,\"height\":141,\"caption\":\"Marcid Business\"},\"image\":{\"@id\":\"https:\/\/www.marcidbusiness.com\/ca\/#\/schema\/logo\/image\/\"}}]}<\/script>\n<!-- \/ Yoast SEO plugin. -->","yoast_head_json":{"title":"Serveis - Marcid Business","description":"Selecci? de productes de qualitat. Subministrament ?gil i eficient. Productes adaptats al professional. Assessorament gastron?mic.","robots":{"index":"index","follow":"follow","max-snippet":"max-snippet:-1","max-image-preview":"max-image-preview:large","max-video-preview":"max-video-preview:-1"},"canonical":"https:\/\/www.marcidbusiness.com\/ca\/serveis\/","og_locale":"ca_ES","og_type":"article","og_title":"Serveis - Marcid Business","og_description":"Selecci? de productes de qualitat. Subministrament ?gil i eficient. Productes adaptats al professional. Assessorament gastron?mic.","og_url":"https:\/\/www.marcidbusiness.com\/ca\/serveis\/","og_site_name":"Marcid Business","article_modified_time":"2026-03-04T10:36:08+00:00","og_image":[{"url":"https:\/\/www.marcidbusiness.com\/wp-content\/uploads\/elementor\/thumbs\/marcid-04-rjrsesalzki66x7obu48oybn9l6ussiguf3j5z211u.jpg","type":"","width":"","height":""}],"twitter_card":"summary_large_image","twitter_misc":{"Temps estimat de lectura":"1 minut"},"schema":{"@context":"https:\/\/schema.org","@graph":[{"@type":"WebPage","@id":"https:\/\/www.marcidbusiness.com\/ca\/serveis\/","url":"https:\/\/www.marcidbusiness.com\/ca\/serveis\/","name":"Serveis - Marcid Business","isPartOf":{"@id":"https:\/\/www.marcidbusiness.com\/ca\/#website"},"primaryImageOfPage":{"@id":"https:\/\/www.marcidbusiness.com\/ca\/serveis\/#primaryimage"},"image":{"@id":"https:\/\/www.marcidbusiness.com\/ca\/serveis\/#primaryimage"},"thumbnailUrl":"https:\/\/www.marcidbusiness.com\/wp-content\/uploads\/elementor\/thumbs\/marcid-04-rjrsesalzki66x7obu48oybn9l6ussiguf3j5z211u.jpg","datePublished":"2026-02-11T08:34:43+00:00","dateModified":"2026-03-04T10:36:08+00:00","description":"Selecci? de productes de qualitat. Subministrament ?gil i eficient. Productes adaptats al professional. Assessorament gastron?mic.","breadcrumb":{"@id":"https:\/\/www.marcidbusiness.com\/ca\/serveis\/#breadcrumb"},"inLanguage":"ca","potentialAction":[{"@type":"ReadAction","target":["https:\/\/www.marcidbusiness.com\/ca\/serveis\/"]}]},{"@type":"ImageObject","inLanguage":"ca","@id":"https:\/\/www.marcidbusiness.com\/ca\/serveis\/#primaryimage","url":"https:\/\/www.marcidbusiness.com\/wp-content\/uploads\/elementor\/thumbs\/marcid-04-rjrsesalzki66x7obu48oybn9l6ussiguf3j5z211u.jpg","contentUrl":"https:\/\/www.marcidbusiness.com\/wp-content\/uploads\/elementor\/thumbs\/marcid-04-rjrsesalzki66x7obu48oybn9l6ussiguf3j5z211u.jpg"},{"@type":"BreadcrumbList","@id":"https:\/\/www.marcidbusiness.com\/ca\/serveis\/#breadcrumb","itemListElement":[{"@type":"ListItem","position":1,"name":"Inici","item":"https:\/\/www.marcidbusiness.com\/ca\/inici\/"},{"@type":"ListItem","position":2,"name":"Serveis"}]},{"@type":"WebSite","@id":"https:\/\/www.marcidbusiness.com\/ca\/#website","url":"https:\/\/www.marcidbusiness.com\/ca\/","name":"Marcid Business","description":"Soluciones para la industria alimentaria","publisher":{"@id":"https:\/\/www.marcidbusiness.com\/ca\/#organization"},"potentialAction":[{"@type":"SearchAction","target":{"@type":"EntryPoint","urlTemplate":"https:\/\/www.marcidbusiness.com\/ca\/?s={search_term_string}"},"query-input":{"@type":"PropertyValueSpecification","valueRequired":true,"valueName":"search_term_string"}}],"inLanguage":"ca"},{"@type":"Organization","@id":"https:\/\/www.marcidbusiness.com\/ca\/#organization","name":"Marcid Business","url":"https:\/\/www.marcidbusiness.com\/ca\/","logo":{"@type":"ImageObject","inLanguage":"ca","@id":"https:\/\/www.marcidbusiness.com\/ca\/#\/schema\/logo\/image\/","url":"https:\/\/www.marcidbusiness.com\/wp-content\/uploads\/2026\/02\/logo-marcid.svg","contentUrl":"https:\/\/www.marcidbusiness.com\/wp-content\/uploads\/2026\/02\/logo-marcid.svg","width":267,"height":141,"caption":"Marcid Business"},"image":{"@id":"https:\/\/www.marcidbusiness.com\/ca\/#\/schema\/logo\/image\/"}}]}},"_links":{"self":[{"href":"https:\/\/www.marcidbusiness.com\/ca\/wp-json\/wp\/v2\/pages\/214","targetHints":{"allow":["GET"]}}],"collection":[{"href":"https:\/\/www.marcidbusiness.com\/ca\/wp-json\/wp\/v2\/pages"}],"about":[{"href":"https:\/\/www.marcidbusiness.com\/ca\/wp-json\/wp\/v2\/types\/page"}],"author":[{"embeddable":true,"href":"https:\/\/www.marcidbusiness.com\/ca\/wp-json\/wp\/v2\/users\/1"}],"replies":[{"embeddable":true,"href":"https:\/\/www.marcidbusiness.com\/ca\/wp-json\/wp\/v2\/comments?post=214"}],"version-history":[{"count":3,"href":"https:\/\/www.marcidbusiness.com\/ca\/wp-json\/wp\/v2\/pages\/214\/revisions"}],"predecessor-version":[{"id":393,"href":"https:\/\/www.marcidbusiness.com\/ca\/wp-json\/wp\/v2\/pages\/214\/revisions\/393"}],"wp:attachment":[{"href":"https:\/\/www.marcidbusiness.com\/ca\/wp-json\/wp\/v2\/media?parent=214"}],"curies":[{"name":"wp","href":"https:\/\/api.w.org\/{rel}","templated":true}]}}